{"id":77,"date":"2020-08-30T15:25:58","date_gmt":"2020-08-30T13:25:58","guid":{"rendered":"https:\/\/marchingbandmarcq.wordpress.com\/?page_id=77"},"modified":"2026-01-07T19:06:59","modified_gmt":"2026-01-07T18:06:59","slug":"agenda","status":"publish","type":"page","link":"https:\/\/marchingbandmarcq.com\/index.php\/agenda\/","title":{"rendered":"Agenda"},"content":{"rendered":"<div class=\"wp-block-image\">\n<figure class=\"aligncenter size-large is-resized\"><img loading=\"lazy\" decoding=\"async\" width=\"2560\" height=\"1600\" src=\"https:\/\/marchingbandmarcq.com\/wp-content\/uploads\/2024\/09\/IMG_8295-1-edited-scaled.jpeg\" alt=\"\" class=\"wp-image-1550\" style=\"width:498px;height:auto\" srcset=\"https:\/\/marchingbandmarcq.com\/wp-content\/uploads\/2024\/09\/IMG_8295-1-edited-scaled.jpeg 2560w, https:\/\/marchingbandmarcq.com\/wp-content\/uploads\/2024\/09\/IMG_8295-1-edited-300x188.jpeg 300w, https:\/\/marchingbandmarcq.com\/wp-content\/uploads\/2024\/09\/IMG_8295-1-edited-1024x640.jpeg 1024w, https:\/\/marchingbandmarcq.com\/wp-content\/uploads\/2024\/09\/IMG_8295-1-edited-768x480.jpeg 768w, https:\/\/marchingbandmarcq.com\/wp-content\/uploads\/2024\/09\/IMG_8295-1-edited-1536x960.jpeg 1536w, https:\/\/marchingbandmarcq.com\/wp-content\/uploads\/2024\/09\/IMG_8295-1-edited-2048x1280.jpeg 2048w, https:\/\/marchingbandmarcq.com\/wp-content\/uploads\/2024\/09\/IMG_8295-1-edited-2000x1250.jpeg 2000w\" sizes=\"auto, (max-width: 2560px) 100vw, 2560px\" \/><\/figure><\/div>\n\n\n<div style=\"height:100px\" aria-hidden=\"true\" class=\"wp-block-spacer\"><\/div>\n\n\n\n<h5 class=\"wp-block-heading has-text-align-center\"><mark style=\"background-color:rgba(0, 0, 0, 0)\" class=\"has-inline-color has-red-color\">Prochaines prestations<\/mark><\/h5>\n\n\n\n<ul class=\"wp-block-list\">\n<li>A venir !<\/li>\n<\/ul>\n\n\n\n<div style=\"height:24px\" aria-hidden=\"true\" class=\"wp-block-spacer\"><\/div>\n\n\n\n<h5 class=\"wp-block-heading has-text-align-center\"><mark style=\"background-color:rgba(0, 0, 0, 0)\" class=\"has-inline-color has-red-color\">2025<\/mark><\/h5>\n\n\n\n<ul class=\"wp-block-list\">\n<li>Vendredi 7 f\u00e9vrier &#8211; Concert commun avec l&rsquo;orchestre de batterie-fanfare de Lambersart<\/li>\n\n\n\n<li>Samedi 3 mai &#8211; Parade Fiesta \u00e0 Sequedin<\/li>\n\n\n\n<li>Jeudi 8 mai &#8211; C\u00e9r\u00e9monie &#8211; Monument aux morts de Marcq-en-Bar\u0153ul<\/li>\n\n\n\n<li>Mercredi 18 juin &#8211; C\u00e9r\u00e9monie<\/li>\n\n\n\n<li>Samedi 21 juin &#8211; F\u00eate de la musique<\/li>\n\n\n\n<li>Samedi 28 juin &#8211; 19h &#8211; Animation au march\u00e9 nocturne de F\u00e2ches-Thumesnil<\/li>\n\n\n\n<li>Dimanche 29 juin &#8211; 14h &#8211; F\u00eate du village \u00e0 Camphin-en-P\u00e9v\u00e8le<\/li>\n\n\n\n<li>Lundi 14 juillet &#8211; C\u00e9r\u00e9monie de la f\u00eate Nationale<\/li>\n\n\n\n<li>Mercredi 3 septembre &#8211; C\u00e9r\u00e9monie de la lib\u00e9ration de la ville<\/li>\n\n\n\n<li>Dimanche 7 septembre &#8211; Prestation au bistrot des artistes de Marcq-en-Bar\u0153ul<\/li>\n\n\n\n<li>Dimanche 21 septembre &#8211; Prestations \u00e0 la Saint-Vincent d&rsquo;Automne \u00e0 Marcq-en-Bar\u0153ul <\/li>\n\n\n\n<li>Samedi 4 octobre &#8211; Allumoirs &#8211; Hippodrome de Marcq-en-Bar\u0153ul<\/li>\n\n\n\n<li>Dimanche 5 octobre &#8211; Lille street food festival &#8211; Euratechnologie<\/li>\n\n\n\n<li>Samedi 11 octobre &#8211; Allumoirs &#8211; Centre ville de Croix<\/li>\n\n\n\n<li>Dimanche 9 novembre &#8211; Concert avec l&rsquo;harmonie de Neuville-Saint-R\u00e9my<\/li>\n\n\n\n<li>Mardi 11 novembre &#8211; C\u00e9r\u00e9monie \u00e0 Marcq-en-Bar\u0153ul<\/li>\n\n\n\n<li>Samedi 13 d\u00e9cembre &#8211; No\u00ebl \u00e0 l&rsquo;Hippodrome de Marcq-en-Bar\u0153ul<\/li>\n<\/ul>\n\n\n\n<div style=\"height:30px\" aria-hidden=\"true\" class=\"wp-block-spacer\"><\/div>\n\n\n\n<h5 class=\"wp-block-heading has-text-align-center\"><mark style=\"background-color:rgba(0, 0, 0, 0)\" class=\"has-inline-color has-red-color\">2024<\/mark><\/h5>\n\n\n\n<ul class=\"wp-block-list\">\n<li>Samedi 20 janvier &#8211; Th\u00e9\u00e2tre Charcot de Marcq-en-Bar\u0153ul &#8211; D\u00e9j\u00e0 10 ans !<\/li>\n\n\n\n<li>Mercredi 8 mai &#8211; C\u00e9r\u00e9monie &#8211; Monument aux morts de Marcq-en-Bar\u0153ul<\/li>\n\n\n\n<li>Dimanche 26 mai &#8211; March\u00e9 aux puces de Faches Thumesnil<\/li>\n\n\n\n<li>Samedi 1er juin &#8211; F\u00eate du parc Valmy &#8211; Marcq-en-Baroeul<\/li>\n\n\n\n<li>Mardi 18 juin &#8211; C\u00e9r\u00e9monie au monument aux morts<\/li>\n\n\n\n<li>Vendredi 21 juin &#8211; F\u00eate de la musique \u00e0 Marcq-en-Baroeul<\/li>\n\n\n\n<li>Samedi 29 juin &#8211; March\u00e9 nocturne de F\u00e2ches-Thumenil<\/li>\n\n\n\n<li>Samedi 13 juillet &#8211; Prestation pour la f\u00eate Nationale &#8211; Hippodrome de Marcq-en-Bar\u0153ul<\/li>\n\n\n\n<li>Dimanche 14 juillet &#8211; C\u00e9r\u00e9monie de la f\u00eate Nationale<\/li>\n\n\n\n<li>Mercredi 14 ao\u00fbt &#8211; soir\u00e9e &#8211; Concert \u00e0 Saint-Val\u00e9ry-en-Caux<\/li>\n\n\n\n<li>Jeudi 15 ao\u00fbt &#8211; Corso fleuri dans la ville de Doudeville<\/li>\n\n\n\n<li>Dimanche 18 ao\u00fbt &#8211; Corsiflor au Havre<\/li>\n\n\n\n<li>Mardi 20 ao\u00fbt &#8211; concert \u00e0 Pl\u00e9neuf-Val-Andr\u00e9<\/li>\n\n\n\n<li>Jeudi 22 ao\u00fbt &#8211; concert au march\u00e9 de Binic<\/li>\n\n\n\n<li>Samedi 24 ao\u00fbt &#8211; Jours de f\u00eate \u00e0 Boulogne-sur-Mer<\/li>\n\n\n\n<li>Mardi 3 septembre &#8211; C\u00e9r\u00e9monie &#8211; Place Lisfranc <\/li>\n\n\n\n<li>Dimanche 15 septembre &#8211; Prestation \u00e0 la braderie du pont de Marcq-en-Bar\u0153ul<\/li>\n\n\n\n<li>Dimanche 15 septembre &#8211; Prestation au bistrot des artistes de Marcq-en-Bar\u0153ul <\/li>\n\n\n\n<li>Samedi 21 septembre &#8211; Grande soir\u00e9e d&rsquo;ouverture avec DJ de la Saint-Vincent d&rsquo;Automne \u00e0 Marcq-en-Baroeul<\/li>\n\n\n\n<li>Samedi 5 octobre &#8211; Allumoirs &#8211; Hippodrome de Marcq-en-Bar\u0153ul <\/li>\n\n\n\n<li>Dimanche 6 octobre &#8211; Lille street food festival &#8211; Euratechnologie<\/li>\n\n\n\n<li>Samedi 12 octobre &#8211; Allumoirs &#8211; Centre ville de Croix<\/li>\n\n\n\n<li>Lundi 11 novembre &#8211; C\u00e9r\u00e9monie \u00e0 Marcq-en-Bar\u0153ul <\/li>\n\n\n\n<li>Samedi 14 d\u00e9cembre &#8211; Hippodrome de Marcq-en-Bar\u0153ul<\/li>\n<\/ul>\n\n\n\n<div style=\"height:30px\" aria-hidden=\"true\" class=\"wp-block-spacer\"><\/div>\n\n\n\n<h5 class=\"wp-block-heading has-text-align-center\"><mark style=\"background-color:rgba(0, 0, 0, 0)\" class=\"has-inline-color has-red-color\">2023<\/mark><\/h5>\n\n\n\n<ul class=\"wp-block-list\">\n<li>Samedi 28 janvier &#8211; Concert \u00ab\u00a0du son et des lumi\u00e8res\u00a0\u00bb &#8211; Th\u00e9\u00e2tre Charcot<\/li>\n\n\n\n<li>Mardi 21 f\u00e9vrier &#8211; Carnaval des 3 quartiers &#8211; Tourcoing<\/li>\n\n\n\n<li>Samedi 1er avril &#8211; Prestation en effectif r\u00e9duit pour le Trail pour tous &#8211; Villeneuve d&rsquo;Ascq<\/li>\n\n\n\n<li>Lundi 1er mai &#8211; F\u00eate du Muguet &#8211; Compi\u00e8gne<\/li>\n\n\n\n<li>Lundi 8 mai &#8211; C\u00e9r\u00e9monie et f\u00eate de l&rsquo;Europe &#8211; Mairie de Marcq-en-Bar\u0153ul<\/li>\n\n\n\n<li>Dimanche 18 juin &#8211; C\u00e9r\u00e9monie &#8211; Mairie de Marcq-en-Bar\u0153ul<\/li>\n\n\n\n<li>Mercredi 21 juin &#8211; F\u00eate de la musique dans le quartier du bourg de Marcq-en-Bar\u0153ul<\/li>\n\n\n\n<li>Samedi 1er juillet &#8211; Prestation \u00e0 Saint-Valery-en-Caux<\/li>\n\n\n\n<li>Dimanche 2 juillet &#8211; Prestation \u00e0 Saint-Valery-en-Caux<\/li>\n\n\n\n<li>Mardi 4 juillet &#8211; Petit concert au march\u00e9 de Villers-sur-mer<\/li>\n\n\n\n<li>Mardi 4 juillet &#8211; Parade dans les rues de Honfleur<\/li>\n\n\n\n<li>Jeudi 6 juillet &#8211; Concert lors du march\u00e9 nocturne de Villers-sur-mer<\/li>\n\n\n\n<li>Jeudi 13 juillet &#8211; Prestation pour la f\u00eate Nationale &#8211; Hippodrome de Marcq-en-Bar\u0153ul<\/li>\n\n\n\n<li>Dimanche 3 septembre &#8211; C\u00e9r\u00e9monie &#8211; Place Lisfranc<\/li>\n\n\n\n<li>Dimanche 17 septembre &#8211; Prestations \u00e0 la Saint Vincent d&rsquo;Automne de Marcq-en-Bar\u0153ul<\/li>\n\n\n\n<li>Samedi 7 octobre &#8211; Allumoirs \u00e0 l&rsquo;hippodrome de Marcq-en-Bar\u0153ul<\/li>\n\n\n\n<li>Dimanche 8 octobre &#8211; Lille street food festival<\/li>\n\n\n\n<li>Samedi 28 octobre &#8211; Allumoirs dans le centre ville de Wasquehal<\/li>\n\n\n\n<li>Samedi 11 novembre &#8211; C\u00e9r\u00e9monie (monument au morts)<\/li>\n\n\n\n<li>Vendredi 17 novembre &#8211; Concert avec la Batterie Fanfare de Lambersart<\/li>\n\n\n\n<li>Vendredi 1er d\u00e9cembre &#8211; Allumoirs &#8211; l&rsquo;\u00c9cole&nbsp;Cardinal Li\u00e9nart \u00e0&nbsp;Tourcoing<\/li>\n\n\n\n<li>Samedi 16 d\u00e9cembre &#8211; Concert de No\u00ebl &#8211; Hippodrome de Marcq-en-Bar\u0153ul<\/li>\n<\/ul>\n\n\n\n<div style=\"height:30px\" aria-hidden=\"true\" class=\"wp-block-spacer\"><\/div>\n\n\n\n<h5 class=\"wp-block-heading has-text-align-center\"><mark style=\"background-color:rgba(0, 0, 0, 0)\" class=\"has-inline-color has-red-color\">2022<\/mark><\/h5>\n\n\n\n<ul class=\"wp-block-list\">\n<li>Mercredi 13 avril &#8211; Animation lors des play-off du VCMB<\/li>\n\n\n\n<li>Samedi 30 avril &#8211; Carnaval des \u00e9coles dans la ville de Strazelle<\/li>\n\n\n\n<li>Dimanche 8 mai &#8211; C\u00e9r\u00e9monie et prestation \u00e0 l&rsquo;occasion de la f\u00eate de l&rsquo;Europe &#8211; Mairie de Marcq-en-Bar\u0153ul<\/li>\n\n\n\n<li>Dimanche 22 mai &#8211; F\u00eate du jeu dans le quartier de la Briqueterie de Marcq-en-Bar\u0153ul<\/li>\n\n\n\n<li>Samedi 18 juin &#8211; Appel du G\u00e9n\u00e9ral de Gaulle<\/li>\n\n\n\n<li>Samedi 18 juin &#8211; Concert avec les Classes \u00e0 Horaires Am\u00e9nag\u00e9s au coll\u00e8ge du Lazaro<\/li>\n\n\n\n<li>Mardi 21 juin &#8211; F\u00eate de la musique &#8211; Pont des Arts de Marcq-en-Bar\u0153ul<\/li>\n\n\n\n<li>Samedi 2 juillet &#8211; F\u00eate de la flottille \u00e0 Le Portel<\/li>\n\n\n\n<li>Dimanche 3 juillet &#8211; F\u00eate des marins \u00e0 Berville-sur-mer<\/li>\n\n\n\n<li>Jeudi 7 juillet &#8211; Concert lors du march\u00e9 nocturne de Villers-sur-mer<\/li>\n\n\n\n<li>Vendredi 8 juillet &#8211; D\u00e9ambulations sur la digue de Mers-les-Bains<\/li>\n\n\n\n<li>Samedi 9 juillet &#8211; Jour de f\u00eate \u00e0 Boulogne-sur-mer<\/li>\n\n\n\n<li>Dimanche 10 juillet &#8211; Concert sur la digue de Bray-Dunes<\/li>\n\n\n\n<li>Jeudi 14 juillet &#8211; C\u00e9r\u00e9monie du 14 juillet<\/li>\n\n\n\n<li>Samedi 20 ao\u00fbt &#8211; Concert \u00e0 Quend<\/li>\n\n\n\n<li>Samedi 20 ao\u00fbt &#8211; D\u00e9ambulation \u00e0 Saint-Valery-en-Caux<\/li>\n\n\n\n<li>Dimanche 21 ao\u00fbt &#8211; Corsiflor &#8211; Le Havre<\/li>\n\n\n\n<li>Dimanche 11 septembre &#8211; Concert lors de la course \u00ab\u00a0La Parisienne\u00a0\u00bb &#8211; Tour Eiffel<\/li>\n\n\n\n<li>Dimanche 18 septembre &#8211; Prestation lors de la Saint Vincent d&rsquo;Automne<\/li>\n\n\n\n<li>Dimanche 18 septembre &#8211; Concert \u00e0 la ferme d&rsquo;en haut pour les journ\u00e9es du Patrimoine<\/li>\n\n\n\n<li>Samedi 8 octobre &#8211; Lille Street Food Festival &#8211; Euratechnologie Lille<\/li>\n\n\n\n<li>Samedi 8 octobre &#8211; Allumoirs de Marcq-en-Bar\u0153ul<\/li>\n\n\n\n<li>Dimanche 9 octobre &#8211; Lille Street Food Festival &#8211; Euratechnologie Lille<\/li>\n\n\n\n<li>Vendredi 11 novembre &#8211; C\u00e9r\u00e9monie<\/li>\n\n\n\n<li>Samedi 17 d\u00e9cembre &#8211; March\u00e9 de No\u00ebl \u00e0 l&rsquo;hippodrome de Marcq-en-Baroeul<\/li>\n<\/ul>\n\n\n\n<div style=\"height:30px\" aria-hidden=\"true\" class=\"wp-block-spacer\"><\/div>\n\n\n\n<h5 class=\"wp-block-heading has-text-align-center\"><mark style=\"background-color:rgba(0, 0, 0, 0)\" class=\"has-inline-color has-red-color\">2021<\/mark><\/h5>\n\n\n\n<ul class=\"wp-block-list\">\n<li>Mardi 15 juin &#8211; Prestation pour l&rsquo;avant premi\u00e8re au Pont des Arts<\/li>\n\n\n\n<li>Vendredi 18 juin &#8211; C\u00e9r\u00e9monie<\/li>\n\n\n\n<li>Mardi 6 juillet &#8211; Prestation pour le march\u00e9 nocturne de Montreuil-sur-Mer<\/li>\n\n\n\n<li>Mercredi 7 juillet &#8211; Prestations sur la digue de Mers-les-Bains<\/li>\n\n\n\n<li>Vendredi 9 juillet &#8211; Petit concert au march\u00e9 de Cayeux-sur-Mer<\/li>\n\n\n\n<li>Samedi 10 juillet &#8211; Concert du march\u00e9 de Montreuil-sur-Mer<\/li>\n\n\n\n<li>Mercredi 14 juillet &#8211; C\u00e9r\u00e9monie du 14 juillet<\/li>\n\n\n\n<li>Vendredi 3 septembre &#8211; C\u00e9r\u00e9monie de la lib\u00e9ration de Marcq-en-Bar\u0153ul <\/li>\n\n\n\n<li>Dimanche 5 septembre &#8211; Concerts lors de la braderie \u00e0 la Friche Gourmande<\/li>\n\n\n\n<li>Samedi 18 septembre &#8211; Concert priv\u00e9 au lyc\u00e9e Valentine LABBE<\/li>\n\n\n\n<li>Dimanche 3 octobre &#8211; Prestation au le march\u00e9 du Pont de Marcq-en-Bar\u0153ul<\/li>\n\n\n\n<li>Samedi 9 octobre &#8211; Prestation lors de la f\u00eate des Louches de Comines<\/li>\n\n\n\n<li>Dimanche 10 octobre &#8211; Concert pour le Lille Street Food Festival<\/li>\n\n\n\n<li>Mercredi 20 octobre &#8211; Concert priv\u00e9 au lyc\u00e9e Albert Mongy de Marcq-en-Bar\u0153ul <\/li>\n\n\n\n<li>Jeudi 11 novembre &#8211; C\u00e9r\u00e9monie<\/li>\n\n\n\n<li>Dimanche 19 d\u00e9cembre &#8211; Concert \u00e0 la Friche Gourmande<\/li>\n<\/ul>\n\n\n\n<div style=\"height:30px\" aria-hidden=\"true\" class=\"wp-block-spacer\"><\/div>\n\n\n\n<h5 class=\"wp-block-heading has-text-align-center\"><mark style=\"background-color:rgba(0, 0, 0, 0)\" class=\"has-inline-color has-red-color\">2020<\/mark><\/h5>\n\n\n\n<ul class=\"wp-block-list\">\n<li>Mercredi 26 f\u00e9vrier &#8211; Carnaval des 3 quartiers \u00e0 Tourcoing<\/li>\n\n\n\n<li>Samedi 29 f\u00e9vrier &#8211; Animation pour lle Volley Club de Marcq-en-Baroeul Lille M\u00e9tropole&nbsp;<\/li>\n\n\n\n<li>Vendredi 6 mars &#8211; Show au Palacium de Villeneuve d&rsquo;Ascq<\/li>\n\n\n\n<li>Samedi 7 mars &#8211; Carnaval de Strazeele<\/li>\n\n\n\n<li>Vendredi 11 avril &#8211; Vid\u00e9o montage avec les autres associations Marcquoises, 100 musiciens pour interpr\u00e9ter \u00ab\u00a0Dans les yeux d&rsquo;Emilie\u00a0\u00bb. Passage sur BFMTV Lille<\/li>\n\n\n\n<li>Vendredi 8 mai &#8211; Vid\u00e9o montage de 161 musiciens et choristes sur la Marseillaise. Passage dans la Voix du Nord<\/li>\n\n\n\n<li>Jeudi 18 juin &#8211; C\u00e9r\u00e9monie<\/li>\n\n\n\n<li>Samedi 5 septembre &#8211; 4 prestations \u00e0 la friche gourmande de Marcq-en-Bar\u0153ul<\/li>\n\n\n\n<li>Dimanche 18 octobre &#8211; Prestation par groupe de 10 pour le nouveau march\u00e9 place Doumer de Marcq-en-Bar\u0153ul <\/li>\n<\/ul>\n\n\n\n<div style=\"height:30px\" aria-hidden=\"true\" class=\"wp-block-spacer\"><\/div>\n\n\n\n<h5 class=\"wp-block-heading has-text-align-center\"><mark style=\"background-color:rgba(0, 0, 0, 0)\" class=\"has-inline-color has-red-color\">2019<\/mark><\/h5>\n\n\n\n<ul class=\"wp-block-list\">\n<li>Mercredi 20 mars &#8211; Inauguration de la maison du projet avec la Batterie Fanfare la Renaissance <\/li>\n\n\n\n<li>Dimanche 28 avril &#8211; F\u00eate du jeu dans le quartier de la Briqueterie de Marcq-en-Bar\u0153ul <\/li>\n\n\n\n<li>Mercredi 8 mai &#8211; C\u00e9r\u00e9monie<\/li>\n\n\n\n<li>Samedi 11 mai &#8211; F\u00eate du pont avec la Batterie Fanfare la Renaissance<\/li>\n\n\n\n<li>Dimanche 12 mai &#8211; F\u00eate aux canards organis\u00e9e par le Rotary Club de La Madeleine<\/li>\n\n\n\n<li>Samedi 15 juin &#8211; Premi\u00e8re pierre de la cr\u00e8che du buisson<\/li>\n\n\n\n<li>Mardi 18 juin &#8211; C\u00e9r\u00e9monie<\/li>\n\n\n\n<li>Vendredi 21 juin &#8211; F\u00eate de la musique \u00e0 l&rsquo;hippodrome de Marcq-en-Bar\u0153ul. Passage au journal t\u00e9l\u00e9vis\u00e9 de France 3<\/li>\n\n\n\n<li>Samedi 13 juillet &#8211; F\u00eate nationale \u00e0 l&rsquo;hippodrome avec la Batterie Fanfare la Renaissance<\/li>\n\n\n\n<li>Lundi 2 septembre &#8211; Rentr\u00e9e en musique \u00e0 l&rsquo;\u00e9cole Pasteur de Marcq-en-Bar\u0153ul<\/li>\n\n\n\n<li>Samedi 14 septembre &#8211; Animation lors de l&rsquo;ouverture de la saison de basket de l&rsquo;ASJM<\/li>\n\n\n\n<li>Dimanche 15 septembre &#8211; Saint Vincent d&rsquo;Automne<\/li>\n\n\n\n<li>Samedi 5 octobre &#8211; Allumoirs de Marcq-en-Bar\u0153ul<\/li>\n\n\n\n<li>Lundi 11 novembre &#8211; C\u00e9r\u00e9monie<\/li>\n\n\n\n<li>Samedi 7 d\u00e9cembre &#8211; Prestation au centre commercial de V2<\/li>\n\n\n\n<li>Samedi 14 d\u00e9cembre &#8211; La Nativit\u00e9<\/li>\n\n\n\n<li>Vendredi 20 d\u00e9cembre &#8211; Concert pour la soir\u00e9e de CCAS de Marcq-en-Bar\u0153ul<\/li>\n<\/ul>\n\n\n\n<div class=\"wp-block-group\"><div class=\"wp-block-group__inner-container is-layout-flow wp-block-group-is-layout-flow\"><\/div><\/div>\n\n\n\n<p><\/p>\n","protected":false},"excerpt":{"rendered":"<p>Prochaines prestations 2025 2024 2023 2022 2021 2020 2019<\/p>\n","protected":false},"author":1,"featured_media":0,"parent":0,"menu_order":0,"comment_status":"closed","ping_status":"closed","template":"","meta":{"footnotes":""},"class_list":["post-77","page","type-page","status-publish","hentry"],"_links":{"self":[{"href":"https:\/\/marchingbandmarcq.com\/index.php\/wp-json\/wp\/v2\/pages\/77","targetHints":{"allow":["GET"]}}],"collection":[{"href":"https:\/\/marchingbandmarcq.com\/index.php\/wp-json\/wp\/v2\/pages"}],"about":[{"href":"https:\/\/marchingbandmarcq.com\/index.php\/wp-json\/wp\/v2\/types\/page"}],"author":[{"embeddable":true,"href":"https:\/\/marchingbandmarcq.com\/index.php\/wp-json\/wp\/v2\/users\/1"}],"replies":[{"embeddable":true,"href":"https:\/\/marchingbandmarcq.com\/index.php\/wp-json\/wp\/v2\/comments?post=77"}],"version-history":[{"count":107,"href":"https:\/\/marchingbandmarcq.com\/index.php\/wp-json\/wp\/v2\/pages\/77\/revisions"}],"predecessor-version":[{"id":1830,"href":"https:\/\/marchingbandmarcq.com\/index.php\/wp-json\/wp\/v2\/pages\/77\/revisions\/1830"}],"wp:attachment":[{"href":"https:\/\/marchingbandmarcq.com\/index.php\/wp-json\/wp\/v2\/media?parent=77"}],"curies":[{"name":"wp","href":"https:\/\/api.w.org\/{rel}","templated":true}]}}