{"id":678,"date":"2022-07-13T00:35:51","date_gmt":"2022-07-12T22:35:51","guid":{"rendered":"https:\/\/marchingbandmarcq.com\/?page_id=678"},"modified":"2022-07-13T00:36:10","modified_gmt":"2022-07-12T22:36:10","slug":"tournee-2022","status":"publish","type":"page","link":"https:\/\/marchingbandmarcq.com\/index.php\/tournee-2022\/","title":{"rendered":"Tourn\u00e9e 2022"},"content":{"rendered":"\n<p class=\"has-text-align-center\">Photos et vid\u00e9os de notre deuxi\u00e8me tourn\u00e9e sur la c\u00f4t\u00e9 d&rsquo;Opale et en Normandie<\/p>\n\n\n\n<p class=\"has-text-align-center\">Merci aux villes de Le Portel, Berville-sur-mer, Villers-sur-mer, Mers-les-Bains, Boulogne-sur-mer et Bray-Dunes pour leur accueil<\/p>\n\n\n\n<div style=\"height:30px\" aria-hidden=\"true\" class=\"wp-block-spacer\"><\/div>\n\n\n\n<h5 class=\"wp-block-heading\">LE PORTEL &#8211; F\u00caTE DE LA FLOTTILLE &#8211; 02\/07\/2022<\/h5>\n\n\n\n<div class=\"wp-block-columns is-layout-flex wp-container-core-columns-is-layout-9d6595d7 wp-block-columns-is-layout-flex\">\n<div class=\"wp-block-column is-layout-flow wp-block-column-is-layout-flow\">\n<figure class=\"wp-block-image size-large\"><img loading=\"lazy\" decoding=\"async\" width=\"1024\" height=\"768\" src=\"https:\/\/marchingbandmarcq.com\/wp-content\/uploads\/2022\/07\/Portel-1-1024x768.jpeg\" alt=\"\" class=\"wp-image-679\" srcset=\"https:\/\/marchingbandmarcq.com\/wp-content\/uploads\/2022\/07\/Portel-1-1024x768.jpeg 1024w, https:\/\/marchingbandmarcq.com\/wp-content\/uploads\/2022\/07\/Portel-1-300x225.jpeg 300w, https:\/\/marchingbandmarcq.com\/wp-content\/uploads\/2022\/07\/Portel-1-768x576.jpeg 768w, https:\/\/marchingbandmarcq.com\/wp-content\/uploads\/2022\/07\/Portel-1-1536x1152.jpeg 1536w, https:\/\/marchingbandmarcq.com\/wp-content\/uploads\/2022\/07\/Portel-1-2048x1536.jpeg 2048w, https:\/\/marchingbandmarcq.com\/wp-content\/uploads\/2022\/07\/Portel-1-2000x1500.jpeg 2000w\" sizes=\"auto, (max-width: 1024px) 100vw, 1024px\" \/><\/figure>\n\n\n\n<figure class=\"wp-block-image size-large\"><img loading=\"lazy\" decoding=\"async\" width=\"1024\" height=\"768\" src=\"https:\/\/marchingbandmarcq.com\/wp-content\/uploads\/2022\/07\/Portel-2-1024x768.jpeg\" alt=\"\" class=\"wp-image-680\" srcset=\"https:\/\/marchingbandmarcq.com\/wp-content\/uploads\/2022\/07\/Portel-2-1024x768.jpeg 1024w, https:\/\/marchingbandmarcq.com\/wp-content\/uploads\/2022\/07\/Portel-2-300x225.jpeg 300w, https:\/\/marchingbandmarcq.com\/wp-content\/uploads\/2022\/07\/Portel-2-768x576.jpeg 768w, https:\/\/marchingbandmarcq.com\/wp-content\/uploads\/2022\/07\/Portel-2-1536x1152.jpeg 1536w, https:\/\/marchingbandmarcq.com\/wp-content\/uploads\/2022\/07\/Portel-2-2048x1536.jpeg 2048w, https:\/\/marchingbandmarcq.com\/wp-content\/uploads\/2022\/07\/Portel-2-2000x1500.jpeg 2000w\" sizes=\"auto, (max-width: 1024px) 100vw, 1024px\" \/><\/figure>\n\n\n\n<figure class=\"wp-block-image size-large\"><img loading=\"lazy\" decoding=\"async\" width=\"1024\" height=\"768\" src=\"https:\/\/marchingbandmarcq.com\/wp-content\/uploads\/2022\/07\/Portel-3-1024x768.jpeg\" alt=\"\" class=\"wp-image-681\" srcset=\"https:\/\/marchingbandmarcq.com\/wp-content\/uploads\/2022\/07\/Portel-3-1024x768.jpeg 1024w, https:\/\/marchingbandmarcq.com\/wp-content\/uploads\/2022\/07\/Portel-3-300x225.jpeg 300w, https:\/\/marchingbandmarcq.com\/wp-content\/uploads\/2022\/07\/Portel-3-768x576.jpeg 768w, https:\/\/marchingbandmarcq.com\/wp-content\/uploads\/2022\/07\/Portel-3-1536x1152.jpeg 1536w, https:\/\/marchingbandmarcq.com\/wp-content\/uploads\/2022\/07\/Portel-3-2048x1536.jpeg 2048w, https:\/\/marchingbandmarcq.com\/wp-content\/uploads\/2022\/07\/Portel-3-2000x1500.jpeg 2000w\" sizes=\"auto, (max-width: 1024px) 100vw, 1024px\" \/><\/figure>\n\n\n\n<div style=\"height:100px\" aria-hidden=\"true\" class=\"wp-block-spacer\"><\/div>\n<\/div>\n<\/div>\n\n\n\n<h5 class=\"wp-block-heading\">BERVILLE-SUR-MER &#8211; F\u00caTE DES MARINS &#8211; 03\/07\/2022<\/h5>\n\n\n\n<div class=\"wp-block-columns is-layout-flex wp-container-core-columns-is-layout-9d6595d7 wp-block-columns-is-layout-flex\">\n<div class=\"wp-block-column is-layout-flow wp-block-column-is-layout-flow\">\n<figure class=\"wp-block-image size-large\"><img loading=\"lazy\" decoding=\"async\" width=\"1024\" height=\"768\" src=\"https:\/\/marchingbandmarcq.com\/wp-content\/uploads\/2022\/07\/Berville-1-1024x768.jpeg\" alt=\"\" class=\"wp-image-682\" srcset=\"https:\/\/marchingbandmarcq.com\/wp-content\/uploads\/2022\/07\/Berville-1-1024x768.jpeg 1024w, https:\/\/marchingbandmarcq.com\/wp-content\/uploads\/2022\/07\/Berville-1-300x225.jpeg 300w, https:\/\/marchingbandmarcq.com\/wp-content\/uploads\/2022\/07\/Berville-1-768x576.jpeg 768w, https:\/\/marchingbandmarcq.com\/wp-content\/uploads\/2022\/07\/Berville-1-1536x1152.jpeg 1536w, https:\/\/marchingbandmarcq.com\/wp-content\/uploads\/2022\/07\/Berville-1-2048x1536.jpeg 2048w, https:\/\/marchingbandmarcq.com\/wp-content\/uploads\/2022\/07\/Berville-1-2000x1500.jpeg 2000w\" sizes=\"auto, (max-width: 1024px) 100vw, 1024px\" \/><\/figure>\n\n\n\n<figure class=\"wp-block-image size-large\"><img loading=\"lazy\" decoding=\"async\" width=\"1024\" height=\"768\" src=\"https:\/\/marchingbandmarcq.com\/wp-content\/uploads\/2022\/07\/Berville-2-1024x768.jpeg\" alt=\"\" class=\"wp-image-683\" srcset=\"https:\/\/marchingbandmarcq.com\/wp-content\/uploads\/2022\/07\/Berville-2-1024x768.jpeg 1024w, https:\/\/marchingbandmarcq.com\/wp-content\/uploads\/2022\/07\/Berville-2-300x225.jpeg 300w, https:\/\/marchingbandmarcq.com\/wp-content\/uploads\/2022\/07\/Berville-2-768x576.jpeg 768w, https:\/\/marchingbandmarcq.com\/wp-content\/uploads\/2022\/07\/Berville-2-1536x1152.jpeg 1536w, https:\/\/marchingbandmarcq.com\/wp-content\/uploads\/2022\/07\/Berville-2-2048x1536.jpeg 2048w, https:\/\/marchingbandmarcq.com\/wp-content\/uploads\/2022\/07\/Berville-2-2000x1500.jpeg 2000w\" sizes=\"auto, (max-width: 1024px) 100vw, 1024px\" \/><\/figure>\n\n\n\n<div style=\"height:100px\" aria-hidden=\"true\" class=\"wp-block-spacer\"><\/div>\n<\/div>\n<\/div>\n\n\n\n<h5 class=\"wp-block-heading\">VILLERS-SUR-MER &#8211; MARCH\u00c9 NOCTURNE &#8211; 07\/07\/2022<\/h5>\n\n\n\n<div class=\"wp-block-columns is-layout-flex wp-container-core-columns-is-layout-9d6595d7 wp-block-columns-is-layout-flex\">\n<div class=\"wp-block-column is-layout-flow wp-block-column-is-layout-flow\">\n<figure class=\"wp-block-image size-large\"><img loading=\"lazy\" decoding=\"async\" width=\"1024\" height=\"576\" src=\"https:\/\/marchingbandmarcq.com\/wp-content\/uploads\/2022\/07\/Villers-1-1024x576.jpg\" alt=\"\" class=\"wp-image-684\" srcset=\"https:\/\/marchingbandmarcq.com\/wp-content\/uploads\/2022\/07\/Villers-1-1024x576.jpg 1024w, https:\/\/marchingbandmarcq.com\/wp-content\/uploads\/2022\/07\/Villers-1-300x169.jpg 300w, https:\/\/marchingbandmarcq.com\/wp-content\/uploads\/2022\/07\/Villers-1-768x432.jpg 768w, https:\/\/marchingbandmarcq.com\/wp-content\/uploads\/2022\/07\/Villers-1-1536x864.jpg 1536w, https:\/\/marchingbandmarcq.com\/wp-content\/uploads\/2022\/07\/Villers-1-2048x1152.jpg 2048w, https:\/\/marchingbandmarcq.com\/wp-content\/uploads\/2022\/07\/Villers-1-2000x1125.jpg 2000w\" sizes=\"auto, (max-width: 1024px) 100vw, 1024px\" \/><\/figure>\n\n\n\n<figure class=\"wp-block-image size-large\"><img loading=\"lazy\" decoding=\"async\" width=\"1024\" height=\"576\" src=\"https:\/\/marchingbandmarcq.com\/wp-content\/uploads\/2022\/07\/Villers-2-1024x576.jpg\" alt=\"\" class=\"wp-image-685\" srcset=\"https:\/\/marchingbandmarcq.com\/wp-content\/uploads\/2022\/07\/Villers-2-1024x576.jpg 1024w, https:\/\/marchingbandmarcq.com\/wp-content\/uploads\/2022\/07\/Villers-2-300x169.jpg 300w, https:\/\/marchingbandmarcq.com\/wp-content\/uploads\/2022\/07\/Villers-2-768x432.jpg 768w, https:\/\/marchingbandmarcq.com\/wp-content\/uploads\/2022\/07\/Villers-2-1536x864.jpg 1536w, https:\/\/marchingbandmarcq.com\/wp-content\/uploads\/2022\/07\/Villers-2-2048x1152.jpg 2048w, https:\/\/marchingbandmarcq.com\/wp-content\/uploads\/2022\/07\/Villers-2-2000x1125.jpg 2000w\" sizes=\"auto, (max-width: 1024px) 100vw, 1024px\" \/><\/figure>\n\n\n\n<figure class=\"wp-block-image size-large\"><img loading=\"lazy\" decoding=\"async\" width=\"1024\" height=\"768\" src=\"https:\/\/marchingbandmarcq.com\/wp-content\/uploads\/2022\/07\/Villers-3-1024x768.jpeg\" alt=\"\" class=\"wp-image-686\" srcset=\"https:\/\/marchingbandmarcq.com\/wp-content\/uploads\/2022\/07\/Villers-3-1024x768.jpeg 1024w, https:\/\/marchingbandmarcq.com\/wp-content\/uploads\/2022\/07\/Villers-3-300x225.jpeg 300w, https:\/\/marchingbandmarcq.com\/wp-content\/uploads\/2022\/07\/Villers-3-768x576.jpeg 768w, https:\/\/marchingbandmarcq.com\/wp-content\/uploads\/2022\/07\/Villers-3-1536x1152.jpeg 1536w, https:\/\/marchingbandmarcq.com\/wp-content\/uploads\/2022\/07\/Villers-3-2048x1536.jpeg 2048w, https:\/\/marchingbandmarcq.com\/wp-content\/uploads\/2022\/07\/Villers-3-2000x1500.jpeg 2000w\" sizes=\"auto, (max-width: 1024px) 100vw, 1024px\" \/><\/figure>\n<\/div>\n<\/div>\n\n\n\n<figure class=\"wp-block-image size-large\"><img loading=\"lazy\" decoding=\"async\" width=\"1024\" height=\"768\" src=\"https:\/\/marchingbandmarcq.com\/wp-content\/uploads\/2022\/07\/Villers-4-1024x768.jpeg\" alt=\"\" class=\"wp-image-687\" srcset=\"https:\/\/marchingbandmarcq.com\/wp-content\/uploads\/2022\/07\/Villers-4-1024x768.jpeg 1024w, https:\/\/marchingbandmarcq.com\/wp-content\/uploads\/2022\/07\/Villers-4-300x225.jpeg 300w, https:\/\/marchingbandmarcq.com\/wp-content\/uploads\/2022\/07\/Villers-4-768x576.jpeg 768w, https:\/\/marchingbandmarcq.com\/wp-content\/uploads\/2022\/07\/Villers-4-1536x1152.jpeg 1536w, https:\/\/marchingbandmarcq.com\/wp-content\/uploads\/2022\/07\/Villers-4-2048x1536.jpeg 2048w, https:\/\/marchingbandmarcq.com\/wp-content\/uploads\/2022\/07\/Villers-4-2000x1500.jpeg 2000w\" sizes=\"auto, (max-width: 1024px) 100vw, 1024px\" \/><\/figure>\n\n\n\n<figure class=\"wp-block-image size-large\"><img loading=\"lazy\" decoding=\"async\" width=\"1024\" height=\"768\" src=\"https:\/\/marchingbandmarcq.com\/wp-content\/uploads\/2022\/07\/Villers-5-1024x768.jpeg\" alt=\"\" class=\"wp-image-688\" srcset=\"https:\/\/marchingbandmarcq.com\/wp-content\/uploads\/2022\/07\/Villers-5-1024x768.jpeg 1024w, https:\/\/marchingbandmarcq.com\/wp-content\/uploads\/2022\/07\/Villers-5-300x225.jpeg 300w, https:\/\/marchingbandmarcq.com\/wp-content\/uploads\/2022\/07\/Villers-5-768x576.jpeg 768w, https:\/\/marchingbandmarcq.com\/wp-content\/uploads\/2022\/07\/Villers-5-1536x1152.jpeg 1536w, https:\/\/marchingbandmarcq.com\/wp-content\/uploads\/2022\/07\/Villers-5-2048x1536.jpeg 2048w, https:\/\/marchingbandmarcq.com\/wp-content\/uploads\/2022\/07\/Villers-5-2000x1500.jpeg 2000w\" sizes=\"auto, (max-width: 1024px) 100vw, 1024px\" \/><\/figure>\n\n\n\n<div style=\"height:100px\" aria-hidden=\"true\" class=\"wp-block-spacer\"><\/div>\n\n\n\n<h5 class=\"wp-block-heading\">MERS-LES-BAINS &#8211; 08\/07\/2022<\/h5>\n\n\n\n<div class=\"wp-block-columns is-layout-flex wp-container-core-columns-is-layout-9d6595d7 wp-block-columns-is-layout-flex\">\n<div class=\"wp-block-column is-layout-flow wp-block-column-is-layout-flow\">\n<figure class=\"wp-block-image size-large\"><img loading=\"lazy\" decoding=\"async\" width=\"1024\" height=\"768\" src=\"https:\/\/marchingbandmarcq.com\/wp-content\/uploads\/2022\/07\/Mers-1-1024x768.jpeg\" alt=\"\" class=\"wp-image-689\" srcset=\"https:\/\/marchingbandmarcq.com\/wp-content\/uploads\/2022\/07\/Mers-1-1024x768.jpeg 1024w, https:\/\/marchingbandmarcq.com\/wp-content\/uploads\/2022\/07\/Mers-1-300x225.jpeg 300w, https:\/\/marchingbandmarcq.com\/wp-content\/uploads\/2022\/07\/Mers-1-768x576.jpeg 768w, https:\/\/marchingbandmarcq.com\/wp-content\/uploads\/2022\/07\/Mers-1-1536x1152.jpeg 1536w, https:\/\/marchingbandmarcq.com\/wp-content\/uploads\/2022\/07\/Mers-1-2048x1536.jpeg 2048w, https:\/\/marchingbandmarcq.com\/wp-content\/uploads\/2022\/07\/Mers-1-2000x1500.jpeg 2000w\" sizes=\"auto, (max-width: 1024px) 100vw, 1024px\" \/><\/figure>\n\n\n\n<figure class=\"wp-block-image size-large\"><img loading=\"lazy\" decoding=\"async\" width=\"1024\" height=\"768\" src=\"https:\/\/marchingbandmarcq.com\/wp-content\/uploads\/2022\/07\/Mers-2-1024x768.jpeg\" alt=\"\" class=\"wp-image-690\" srcset=\"https:\/\/marchingbandmarcq.com\/wp-content\/uploads\/2022\/07\/Mers-2-1024x768.jpeg 1024w, https:\/\/marchingbandmarcq.com\/wp-content\/uploads\/2022\/07\/Mers-2-300x225.jpeg 300w, https:\/\/marchingbandmarcq.com\/wp-content\/uploads\/2022\/07\/Mers-2-768x576.jpeg 768w, https:\/\/marchingbandmarcq.com\/wp-content\/uploads\/2022\/07\/Mers-2-1536x1152.jpeg 1536w, https:\/\/marchingbandmarcq.com\/wp-content\/uploads\/2022\/07\/Mers-2-2048x1536.jpeg 2048w, https:\/\/marchingbandmarcq.com\/wp-content\/uploads\/2022\/07\/Mers-2-2000x1500.jpeg 2000w\" sizes=\"auto, (max-width: 1024px) 100vw, 1024px\" \/><\/figure>\n\n\n\n<figure class=\"wp-block-image size-large\"><img loading=\"lazy\" decoding=\"async\" width=\"1024\" height=\"768\" src=\"https:\/\/marchingbandmarcq.com\/wp-content\/uploads\/2022\/07\/Mers-4-1024x768.jpeg\" alt=\"\" class=\"wp-image-692\" srcset=\"https:\/\/marchingbandmarcq.com\/wp-content\/uploads\/2022\/07\/Mers-4-1024x768.jpeg 1024w, https:\/\/marchingbandmarcq.com\/wp-content\/uploads\/2022\/07\/Mers-4-300x225.jpeg 300w, https:\/\/marchingbandmarcq.com\/wp-content\/uploads\/2022\/07\/Mers-4-768x576.jpeg 768w, https:\/\/marchingbandmarcq.com\/wp-content\/uploads\/2022\/07\/Mers-4-1536x1152.jpeg 1536w, https:\/\/marchingbandmarcq.com\/wp-content\/uploads\/2022\/07\/Mers-4-2048x1536.jpeg 2048w, https:\/\/marchingbandmarcq.com\/wp-content\/uploads\/2022\/07\/Mers-4-2000x1500.jpeg 2000w\" sizes=\"auto, (max-width: 1024px) 100vw, 1024px\" \/><\/figure>\n\n\n\n<figure class=\"wp-block-image size-large\"><img loading=\"lazy\" decoding=\"async\" width=\"1024\" height=\"576\" src=\"https:\/\/marchingbandmarcq.com\/wp-content\/uploads\/2022\/07\/Mers-6-1024x576.jpg\" alt=\"\" class=\"wp-image-694\" srcset=\"https:\/\/marchingbandmarcq.com\/wp-content\/uploads\/2022\/07\/Mers-6-1024x576.jpg 1024w, https:\/\/marchingbandmarcq.com\/wp-content\/uploads\/2022\/07\/Mers-6-300x169.jpg 300w, https:\/\/marchingbandmarcq.com\/wp-content\/uploads\/2022\/07\/Mers-6-768x432.jpg 768w, https:\/\/marchingbandmarcq.com\/wp-content\/uploads\/2022\/07\/Mers-6-1536x864.jpg 1536w, https:\/\/marchingbandmarcq.com\/wp-content\/uploads\/2022\/07\/Mers-6-2048x1152.jpg 2048w, https:\/\/marchingbandmarcq.com\/wp-content\/uploads\/2022\/07\/Mers-6-2000x1125.jpg 2000w\" sizes=\"auto, (max-width: 1024px) 100vw, 1024px\" \/><\/figure>\n\n\n\n<figure class=\"wp-block-image size-large\"><img loading=\"lazy\" decoding=\"async\" width=\"1024\" height=\"768\" src=\"https:\/\/marchingbandmarcq.com\/wp-content\/uploads\/2022\/07\/Mers-7-1024x768.jpeg\" alt=\"\" class=\"wp-image-695\" srcset=\"https:\/\/marchingbandmarcq.com\/wp-content\/uploads\/2022\/07\/Mers-7-1024x768.jpeg 1024w, https:\/\/marchingbandmarcq.com\/wp-content\/uploads\/2022\/07\/Mers-7-300x225.jpeg 300w, https:\/\/marchingbandmarcq.com\/wp-content\/uploads\/2022\/07\/Mers-7-768x576.jpeg 768w, https:\/\/marchingbandmarcq.com\/wp-content\/uploads\/2022\/07\/Mers-7-1536x1152.jpeg 1536w, https:\/\/marchingbandmarcq.com\/wp-content\/uploads\/2022\/07\/Mers-7-2048x1536.jpeg 2048w, https:\/\/marchingbandmarcq.com\/wp-content\/uploads\/2022\/07\/Mers-7-2000x1500.jpeg 2000w\" sizes=\"auto, (max-width: 1024px) 100vw, 1024px\" \/><\/figure>\n<\/div>\n<\/div>\n\n\n\n<div style=\"height:100px\" aria-hidden=\"true\" class=\"wp-block-spacer\"><\/div>\n\n\n\n<h5 class=\"wp-block-heading\">BOULOGNE-SUR-MEr &#8211; JOUR DE F\u00caTE &#8211; 09\/07\/2022<\/h5>\n\n\n\n<div class=\"wp-block-columns is-layout-flex wp-container-core-columns-is-layout-9d6595d7 wp-block-columns-is-layout-flex\">\n<div class=\"wp-block-column is-layout-flow wp-block-column-is-layout-flow\">\n<figure class=\"wp-block-image size-large\"><img loading=\"lazy\" decoding=\"async\" width=\"1024\" height=\"768\" src=\"https:\/\/marchingbandmarcq.com\/wp-content\/uploads\/2022\/07\/Boulogne-1-1024x768.jpg\" alt=\"\" class=\"wp-image-696\" srcset=\"https:\/\/marchingbandmarcq.com\/wp-content\/uploads\/2022\/07\/Boulogne-1-1024x768.jpg 1024w, https:\/\/marchingbandmarcq.com\/wp-content\/uploads\/2022\/07\/Boulogne-1-300x225.jpg 300w, https:\/\/marchingbandmarcq.com\/wp-content\/uploads\/2022\/07\/Boulogne-1-768x576.jpg 768w, https:\/\/marchingbandmarcq.com\/wp-content\/uploads\/2022\/07\/Boulogne-1-1536x1152.jpg 1536w, https:\/\/marchingbandmarcq.com\/wp-content\/uploads\/2022\/07\/Boulogne-1-2000x1500.jpg 2000w, https:\/\/marchingbandmarcq.com\/wp-content\/uploads\/2022\/07\/Boulogne-1.jpg 2048w\" sizes=\"auto, (max-width: 1024px) 100vw, 1024px\" \/><\/figure>\n\n\n\n<figure class=\"wp-block-image size-large\"><img loading=\"lazy\" decoding=\"async\" width=\"768\" height=\"1024\" src=\"https:\/\/marchingbandmarcq.com\/wp-content\/uploads\/2022\/07\/Boulogne-2-768x1024.jpeg\" alt=\"\" class=\"wp-image-697\" srcset=\"https:\/\/marchingbandmarcq.com\/wp-content\/uploads\/2022\/07\/Boulogne-2-768x1024.jpeg 768w, https:\/\/marchingbandmarcq.com\/wp-content\/uploads\/2022\/07\/Boulogne-2-225x300.jpeg 225w, https:\/\/marchingbandmarcq.com\/wp-content\/uploads\/2022\/07\/Boulogne-2-1152x1536.jpeg 1152w, https:\/\/marchingbandmarcq.com\/wp-content\/uploads\/2022\/07\/Boulogne-2-1536x2048.jpeg 1536w, https:\/\/marchingbandmarcq.com\/wp-content\/uploads\/2022\/07\/Boulogne-2-1125x1500.jpeg 1125w, https:\/\/marchingbandmarcq.com\/wp-content\/uploads\/2022\/07\/Boulogne-2-scaled.jpeg 1920w\" sizes=\"auto, (max-width: 768px) 100vw, 768px\" \/><\/figure>\n\n\n\n<figure class=\"wp-block-image size-large\"><img loading=\"lazy\" decoding=\"async\" width=\"1024\" height=\"768\" src=\"https:\/\/marchingbandmarcq.com\/wp-content\/uploads\/2022\/07\/Boulogne-3-1024x768.jpeg\" alt=\"\" class=\"wp-image-698\" srcset=\"https:\/\/marchingbandmarcq.com\/wp-content\/uploads\/2022\/07\/Boulogne-3-1024x768.jpeg 1024w, https:\/\/marchingbandmarcq.com\/wp-content\/uploads\/2022\/07\/Boulogne-3-300x225.jpeg 300w, https:\/\/marchingbandmarcq.com\/wp-content\/uploads\/2022\/07\/Boulogne-3-768x576.jpeg 768w, https:\/\/marchingbandmarcq.com\/wp-content\/uploads\/2022\/07\/Boulogne-3-1536x1152.jpeg 1536w, https:\/\/marchingbandmarcq.com\/wp-content\/uploads\/2022\/07\/Boulogne-3-2048x1536.jpeg 2048w, https:\/\/marchingbandmarcq.com\/wp-content\/uploads\/2022\/07\/Boulogne-3-2000x1500.jpeg 2000w\" sizes=\"auto, (max-width: 1024px) 100vw, 1024px\" \/><\/figure>\n\n\n\n<figure class=\"wp-block-image size-large\"><img loading=\"lazy\" decoding=\"async\" width=\"768\" height=\"1024\" src=\"https:\/\/marchingbandmarcq.com\/wp-content\/uploads\/2022\/07\/Boulogne-4-768x1024.jpg\" alt=\"\" class=\"wp-image-699\" srcset=\"https:\/\/marchingbandmarcq.com\/wp-content\/uploads\/2022\/07\/Boulogne-4-768x1024.jpg 768w, https:\/\/marchingbandmarcq.com\/wp-content\/uploads\/2022\/07\/Boulogne-4-225x300.jpg 225w, https:\/\/marchingbandmarcq.com\/wp-content\/uploads\/2022\/07\/Boulogne-4-1152x1536.jpg 1152w, https:\/\/marchingbandmarcq.com\/wp-content\/uploads\/2022\/07\/Boulogne-4-1125x1500.jpg 1125w, https:\/\/marchingbandmarcq.com\/wp-content\/uploads\/2022\/07\/Boulogne-4.jpg 1536w\" sizes=\"auto, (max-width: 768px) 100vw, 768px\" \/><\/figure>\n<\/div>\n<\/div>\n\n\n\n<div style=\"height:100px\" aria-hidden=\"true\" class=\"wp-block-spacer\"><\/div>\n\n\n\n<h5 class=\"wp-block-heading\">BRAY-DUNES &#8211; 10\/07\/2022<\/h5>\n\n\n\n<div class=\"wp-block-columns is-layout-flex wp-container-core-columns-is-layout-9d6595d7 wp-block-columns-is-layout-flex\">\n<div class=\"wp-block-column is-layout-flow wp-block-column-is-layout-flow\">\n<figure class=\"wp-block-image size-large\"><img loading=\"lazy\" decoding=\"async\" width=\"1024\" height=\"578\" src=\"https:\/\/marchingbandmarcq.com\/wp-content\/uploads\/2022\/07\/Bray-Dunes-2-1024x578.jpeg\" alt=\"\" class=\"wp-image-701\" srcset=\"https:\/\/marchingbandmarcq.com\/wp-content\/uploads\/2022\/07\/Bray-Dunes-2-1024x578.jpeg 1024w, https:\/\/marchingbandmarcq.com\/wp-content\/uploads\/2022\/07\/Bray-Dunes-2-300x169.jpeg 300w, https:\/\/marchingbandmarcq.com\/wp-content\/uploads\/2022\/07\/Bray-Dunes-2-768x434.jpeg 768w, https:\/\/marchingbandmarcq.com\/wp-content\/uploads\/2022\/07\/Bray-Dunes-2-1536x867.jpeg 1536w, https:\/\/marchingbandmarcq.com\/wp-content\/uploads\/2022\/07\/Bray-Dunes-2-2048x1156.jpeg 2048w, https:\/\/marchingbandmarcq.com\/wp-content\/uploads\/2022\/07\/Bray-Dunes-2-2000x1129.jpeg 2000w\" sizes=\"auto, (max-width: 1024px) 100vw, 1024px\" \/><\/figure>\n\n\n\n<figure class=\"wp-block-image size-full\"><img loading=\"lazy\" decoding=\"async\" width=\"1024\" height=\"768\" src=\"https:\/\/marchingbandmarcq.com\/wp-content\/uploads\/2022\/07\/Bray-Dunes-1-1.jpg\" alt=\"\" class=\"wp-image-702\" srcset=\"https:\/\/marchingbandmarcq.com\/wp-content\/uploads\/2022\/07\/Bray-Dunes-1-1.jpg 1024w, https:\/\/marchingbandmarcq.com\/wp-content\/uploads\/2022\/07\/Bray-Dunes-1-1-300x225.jpg 300w, https:\/\/marchingbandmarcq.com\/wp-content\/uploads\/2022\/07\/Bray-Dunes-1-1-768x576.jpg 768w\" sizes=\"auto, (max-width: 1024px) 100vw, 1024px\" \/><\/figure>\n<\/div>\n<\/div>\n\n\n\n<div style=\"height:100px\" aria-hidden=\"true\" class=\"wp-block-spacer\"><\/div>\n","protected":false},"excerpt":{"rendered":"<p>Photos et vid\u00e9os de notre deuxi\u00e8me tourn\u00e9e sur la c\u00f4t\u00e9 d&rsquo;Opale et en Normandie Merci aux villes de Le Portel, Berville-sur-mer, Villers-sur-mer, Mers-les-Bains, Boulogne-sur-mer et Bray-Dunes pour leur accueil LE PORTEL &#8211; F\u00caTE DE LA FLOTTILLE &#8211; 02\/07\/2022 BERVILLE-SUR-MER &#8211; F\u00caTE DES MARINS &#8211; 03\/07\/2022 VILLERS-SUR-MER &#8211; MARCH\u00c9 NOCTURNE &#8211; 07\/07\/2022 MERS-LES-BAINS &#8211; 08\/07\/2022 BOULOGNE-SUR-MEr &hellip; <a href=\"https:\/\/marchingbandmarcq.com\/index.php\/tournee-2022\/\" class=\"more-link\">Lire la suite <span class=\"screen-reader-text\">Tourn\u00e9e 2022<\/span><\/a><\/p>\n","protected":false},"author":1,"featured_media":0,"parent":0,"menu_order":0,"comment_status":"closed","ping_status":"closed","template":"","meta":{"footnotes":""},"class_list":["post-678","page","type-page","status-publish","hentry"],"_links":{"self":[{"href":"https:\/\/marchingbandmarcq.com\/index.php\/wp-json\/wp\/v2\/pages\/678","targetHints":{"allow":["GET"]}}],"collection":[{"href":"https:\/\/marchingbandmarcq.com\/index.php\/wp-json\/wp\/v2\/pages"}],"about":[{"href":"https:\/\/marchingbandmarcq.com\/index.php\/wp-json\/wp\/v2\/types\/page"}],"author":[{"embeddable":true,"href":"https:\/\/marchingbandmarcq.com\/index.php\/wp-json\/wp\/v2\/users\/1"}],"replies":[{"embeddable":true,"href":"https:\/\/marchingbandmarcq.com\/index.php\/wp-json\/wp\/v2\/comments?post=678"}],"version-history":[{"count":1,"href":"https:\/\/marchingbandmarcq.com\/index.php\/wp-json\/wp\/v2\/pages\/678\/revisions"}],"predecessor-version":[{"id":703,"href":"https:\/\/marchingbandmarcq.com\/index.php\/wp-json\/wp\/v2\/pages\/678\/revisions\/703"}],"wp:attachment":[{"href":"https:\/\/marchingbandmarcq.com\/index.php\/wp-json\/wp\/v2\/media?parent=678"}],"curies":[{"name":"wp","href":"https:\/\/api.w.org\/{rel}","templated":true}]}}