{"id":429,"date":"2021-07-13T21:40:12","date_gmt":"2021-07-13T19:40:12","guid":{"rendered":"https:\/\/marchingbandmarcq.com\/?page_id=429"},"modified":"2021-08-02T11:20:58","modified_gmt":"2021-08-02T09:20:58","slug":"tournee-2021","status":"publish","type":"page","link":"https:\/\/marchingbandmarcq.com\/index.php\/tournee-2021\/","title":{"rendered":"Tourn\u00e9e 2021"},"content":{"rendered":"\n<p class=\"has-text-align-center\">Photos et vid\u00e9os de notre premi\u00e8re tourn\u00e9e sur la c\u00f4t\u00e9 d&rsquo;Opale.<\/p>\n\n\n\n<p class=\"has-text-align-center\">Merci aux villes de Montreuil-sur-mer, Mers-les-Bains et Cayeux-sur-mer de nous avoir accueillis !<\/p>\n\n\n\n<div style=\"height:30px\" aria-hidden=\"true\" class=\"wp-block-spacer\"><\/div>\n\n\n\n<h5 class=\"wp-block-heading\">MONTREUIL-SUR-MER &#8211; 06\/07\/2021<\/h5>\n\n\n\n<div class=\"wp-block-columns is-layout-flex wp-container-core-columns-is-layout-9d6595d7 wp-block-columns-is-layout-flex\">\n<div class=\"wp-block-column is-layout-flow wp-block-column-is-layout-flow\">\n<figure class=\"wp-block-image size-large\"><img loading=\"lazy\" decoding=\"async\" width=\"1024\" height=\"768\" src=\"https:\/\/marchingbandmarcq.com\/wp-content\/uploads\/2021\/07\/IMG_1977-1024x768.jpeg\" alt=\"\" class=\"wp-image-434\" srcset=\"https:\/\/marchingbandmarcq.com\/wp-content\/uploads\/2021\/07\/IMG_1977-1024x768.jpeg 1024w, https:\/\/marchingbandmarcq.com\/wp-content\/uploads\/2021\/07\/IMG_1977-300x225.jpeg 300w, https:\/\/marchingbandmarcq.com\/wp-content\/uploads\/2021\/07\/IMG_1977-768x576.jpeg 768w, https:\/\/marchingbandmarcq.com\/wp-content\/uploads\/2021\/07\/IMG_1977-1536x1152.jpeg 1536w, https:\/\/marchingbandmarcq.com\/wp-content\/uploads\/2021\/07\/IMG_1977-2048x1536.jpeg 2048w, https:\/\/marchingbandmarcq.com\/wp-content\/uploads\/2021\/07\/IMG_1977-2000x1500.jpeg 2000w\" sizes=\"auto, (max-width: 1024px) 100vw, 1024px\" \/><\/figure>\n\n\n\n<figure class=\"wp-block-image size-large\"><img loading=\"lazy\" decoding=\"async\" width=\"1024\" height=\"768\" src=\"https:\/\/marchingbandmarcq.com\/wp-content\/uploads\/2021\/07\/IMG_1978-1024x768.jpeg\" alt=\"\" class=\"wp-image-435\" srcset=\"https:\/\/marchingbandmarcq.com\/wp-content\/uploads\/2021\/07\/IMG_1978-1024x768.jpeg 1024w, https:\/\/marchingbandmarcq.com\/wp-content\/uploads\/2021\/07\/IMG_1978-300x225.jpeg 300w, https:\/\/marchingbandmarcq.com\/wp-content\/uploads\/2021\/07\/IMG_1978-768x576.jpeg 768w, https:\/\/marchingbandmarcq.com\/wp-content\/uploads\/2021\/07\/IMG_1978-1536x1152.jpeg 1536w, https:\/\/marchingbandmarcq.com\/wp-content\/uploads\/2021\/07\/IMG_1978-2048x1536.jpeg 2048w, https:\/\/marchingbandmarcq.com\/wp-content\/uploads\/2021\/07\/IMG_1978-2000x1500.jpeg 2000w\" sizes=\"auto, (max-width: 1024px) 100vw, 1024px\" \/><\/figure>\n\n\n\n<figure class=\"wp-block-image size-large\"><img loading=\"lazy\" decoding=\"async\" width=\"1024\" height=\"768\" src=\"https:\/\/marchingbandmarcq.com\/wp-content\/uploads\/2021\/07\/IMG_1980-1024x768.jpeg\" alt=\"\" class=\"wp-image-436\" srcset=\"https:\/\/marchingbandmarcq.com\/wp-content\/uploads\/2021\/07\/IMG_1980-1024x768.jpeg 1024w, https:\/\/marchingbandmarcq.com\/wp-content\/uploads\/2021\/07\/IMG_1980-300x225.jpeg 300w, https:\/\/marchingbandmarcq.com\/wp-content\/uploads\/2021\/07\/IMG_1980-768x576.jpeg 768w, https:\/\/marchingbandmarcq.com\/wp-content\/uploads\/2021\/07\/IMG_1980-1536x1152.jpeg 1536w, https:\/\/marchingbandmarcq.com\/wp-content\/uploads\/2021\/07\/IMG_1980-2048x1536.jpeg 2048w, https:\/\/marchingbandmarcq.com\/wp-content\/uploads\/2021\/07\/IMG_1980-2000x1500.jpeg 2000w\" sizes=\"auto, (max-width: 1024px) 100vw, 1024px\" \/><\/figure>\n\n\n\n<figure class=\"wp-block-video\"><video controls src=\"https:\/\/marchingbandmarcq.com\/wp-content\/uploads\/2021\/07\/10000000_4304933472896477_8919705702084752862_n.mp4\"><\/video><\/figure>\n\n\n\n<div style=\"height:100px\" aria-hidden=\"true\" class=\"wp-block-spacer\"><\/div>\n<\/div>\n<\/div>\n\n\n\n<h5 class=\"wp-block-heading\">Mers-les bains &#8211; 07\/07\/2021<\/h5>\n\n\n\n<div class=\"wp-block-columns is-layout-flex wp-container-core-columns-is-layout-9d6595d7 wp-block-columns-is-layout-flex\">\n<div class=\"wp-block-column is-layout-flow wp-block-column-is-layout-flow\">\n<figure class=\"wp-block-image size-large\"><img loading=\"lazy\" decoding=\"async\" width=\"1024\" height=\"768\" src=\"https:\/\/marchingbandmarcq.com\/wp-content\/uploads\/2021\/07\/IMG_2045-1024x768.jpeg\" alt=\"\" class=\"wp-image-437\" srcset=\"https:\/\/marchingbandmarcq.com\/wp-content\/uploads\/2021\/07\/IMG_2045-1024x768.jpeg 1024w, https:\/\/marchingbandmarcq.com\/wp-content\/uploads\/2021\/07\/IMG_2045-300x225.jpeg 300w, https:\/\/marchingbandmarcq.com\/wp-content\/uploads\/2021\/07\/IMG_2045-768x576.jpeg 768w, https:\/\/marchingbandmarcq.com\/wp-content\/uploads\/2021\/07\/IMG_2045-1536x1152.jpeg 1536w, https:\/\/marchingbandmarcq.com\/wp-content\/uploads\/2021\/07\/IMG_2045-2048x1536.jpeg 2048w, https:\/\/marchingbandmarcq.com\/wp-content\/uploads\/2021\/07\/IMG_2045-2000x1500.jpeg 2000w\" sizes=\"auto, (max-width: 1024px) 100vw, 1024px\" \/><\/figure>\n\n\n\n<figure class=\"wp-block-image size-large\"><img loading=\"lazy\" decoding=\"async\" width=\"1024\" height=\"768\" src=\"https:\/\/marchingbandmarcq.com\/wp-content\/uploads\/2021\/07\/IMG_2049-1024x768.jpeg\" alt=\"\" class=\"wp-image-438\" srcset=\"https:\/\/marchingbandmarcq.com\/wp-content\/uploads\/2021\/07\/IMG_2049-1024x768.jpeg 1024w, https:\/\/marchingbandmarcq.com\/wp-content\/uploads\/2021\/07\/IMG_2049-300x225.jpeg 300w, https:\/\/marchingbandmarcq.com\/wp-content\/uploads\/2021\/07\/IMG_2049-768x576.jpeg 768w, https:\/\/marchingbandmarcq.com\/wp-content\/uploads\/2021\/07\/IMG_2049-1536x1152.jpeg 1536w, https:\/\/marchingbandmarcq.com\/wp-content\/uploads\/2021\/07\/IMG_2049-2048x1536.jpeg 2048w, https:\/\/marchingbandmarcq.com\/wp-content\/uploads\/2021\/07\/IMG_2049-2000x1500.jpeg 2000w\" sizes=\"auto, (max-width: 1024px) 100vw, 1024px\" \/><\/figure>\n\n\n\n<figure class=\"wp-block-image size-large\"><img loading=\"lazy\" decoding=\"async\" width=\"1024\" height=\"768\" src=\"https:\/\/marchingbandmarcq.com\/wp-content\/uploads\/2021\/07\/IMG_2053-1024x768.jpeg\" alt=\"\" class=\"wp-image-440\" srcset=\"https:\/\/marchingbandmarcq.com\/wp-content\/uploads\/2021\/07\/IMG_2053-1024x768.jpeg 1024w, https:\/\/marchingbandmarcq.com\/wp-content\/uploads\/2021\/07\/IMG_2053-300x225.jpeg 300w, https:\/\/marchingbandmarcq.com\/wp-content\/uploads\/2021\/07\/IMG_2053-768x576.jpeg 768w, https:\/\/marchingbandmarcq.com\/wp-content\/uploads\/2021\/07\/IMG_2053-1536x1152.jpeg 1536w, https:\/\/marchingbandmarcq.com\/wp-content\/uploads\/2021\/07\/IMG_2053-2048x1536.jpeg 2048w, https:\/\/marchingbandmarcq.com\/wp-content\/uploads\/2021\/07\/IMG_2053-2000x1500.jpeg 2000w\" sizes=\"auto, (max-width: 1024px) 100vw, 1024px\" \/><\/figure>\n\n\n\n<figure class=\"wp-block-image size-large\"><img loading=\"lazy\" decoding=\"async\" width=\"1024\" height=\"768\" src=\"https:\/\/marchingbandmarcq.com\/wp-content\/uploads\/2021\/07\/IMG_2056-1024x768.jpeg\" alt=\"\" class=\"wp-image-441\" srcset=\"https:\/\/marchingbandmarcq.com\/wp-content\/uploads\/2021\/07\/IMG_2056-1024x768.jpeg 1024w, https:\/\/marchingbandmarcq.com\/wp-content\/uploads\/2021\/07\/IMG_2056-300x225.jpeg 300w, https:\/\/marchingbandmarcq.com\/wp-content\/uploads\/2021\/07\/IMG_2056-768x576.jpeg 768w, https:\/\/marchingbandmarcq.com\/wp-content\/uploads\/2021\/07\/IMG_2056-1536x1152.jpeg 1536w, https:\/\/marchingbandmarcq.com\/wp-content\/uploads\/2021\/07\/IMG_2056-2048x1536.jpeg 2048w, https:\/\/marchingbandmarcq.com\/wp-content\/uploads\/2021\/07\/IMG_2056-2000x1500.jpeg 2000w\" sizes=\"auto, (max-width: 1024px) 100vw, 1024px\" \/><\/figure>\n\n\n\n<figure class=\"wp-block-image size-large\"><img loading=\"lazy\" decoding=\"async\" width=\"1024\" height=\"768\" src=\"https:\/\/marchingbandmarcq.com\/wp-content\/uploads\/2021\/07\/IMG_2058-1024x768.jpeg\" alt=\"\" class=\"wp-image-442\" srcset=\"https:\/\/marchingbandmarcq.com\/wp-content\/uploads\/2021\/07\/IMG_2058-1024x768.jpeg 1024w, https:\/\/marchingbandmarcq.com\/wp-content\/uploads\/2021\/07\/IMG_2058-300x225.jpeg 300w, https:\/\/marchingbandmarcq.com\/wp-content\/uploads\/2021\/07\/IMG_2058-768x576.jpeg 768w, https:\/\/marchingbandmarcq.com\/wp-content\/uploads\/2021\/07\/IMG_2058-1536x1152.jpeg 1536w, https:\/\/marchingbandmarcq.com\/wp-content\/uploads\/2021\/07\/IMG_2058-2048x1536.jpeg 2048w, https:\/\/marchingbandmarcq.com\/wp-content\/uploads\/2021\/07\/IMG_2058-2000x1500.jpeg 2000w\" sizes=\"auto, (max-width: 1024px) 100vw, 1024px\" \/><\/figure>\n\n\n\n<figure class=\"wp-block-image size-large\"><img loading=\"lazy\" decoding=\"async\" width=\"1024\" height=\"576\" src=\"https:\/\/marchingbandmarcq.com\/wp-content\/uploads\/2021\/07\/IMG_2061-1024x576.jpg\" alt=\"\" class=\"wp-image-443\" srcset=\"https:\/\/marchingbandmarcq.com\/wp-content\/uploads\/2021\/07\/IMG_2061-1024x576.jpg 1024w, https:\/\/marchingbandmarcq.com\/wp-content\/uploads\/2021\/07\/IMG_2061-300x169.jpg 300w, https:\/\/marchingbandmarcq.com\/wp-content\/uploads\/2021\/07\/IMG_2061-768x432.jpg 768w, https:\/\/marchingbandmarcq.com\/wp-content\/uploads\/2021\/07\/IMG_2061-1536x864.jpg 1536w, https:\/\/marchingbandmarcq.com\/wp-content\/uploads\/2021\/07\/IMG_2061-2048x1152.jpg 2048w, https:\/\/marchingbandmarcq.com\/wp-content\/uploads\/2021\/07\/IMG_2061-2000x1125.jpg 2000w\" sizes=\"auto, (max-width: 1024px) 100vw, 1024px\" \/><\/figure>\n\n\n\n<figure class=\"wp-block-image size-large\"><img loading=\"lazy\" decoding=\"async\" width=\"1024\" height=\"768\" src=\"https:\/\/marchingbandmarcq.com\/wp-content\/uploads\/2021\/07\/IMG_2063-1024x768.jpeg\" alt=\"\" class=\"wp-image-444\" srcset=\"https:\/\/marchingbandmarcq.com\/wp-content\/uploads\/2021\/07\/IMG_2063-1024x768.jpeg 1024w, https:\/\/marchingbandmarcq.com\/wp-content\/uploads\/2021\/07\/IMG_2063-300x225.jpeg 300w, https:\/\/marchingbandmarcq.com\/wp-content\/uploads\/2021\/07\/IMG_2063-768x576.jpeg 768w, https:\/\/marchingbandmarcq.com\/wp-content\/uploads\/2021\/07\/IMG_2063-1536x1152.jpeg 1536w, https:\/\/marchingbandmarcq.com\/wp-content\/uploads\/2021\/07\/IMG_2063-2048x1536.jpeg 2048w, https:\/\/marchingbandmarcq.com\/wp-content\/uploads\/2021\/07\/IMG_2063-2000x1500.jpeg 2000w\" sizes=\"auto, (max-width: 1024px) 100vw, 1024px\" \/><\/figure>\n\n\n\n<figure class=\"wp-block-image size-large\"><img loading=\"lazy\" decoding=\"async\" width=\"1024\" height=\"768\" src=\"https:\/\/marchingbandmarcq.com\/wp-content\/uploads\/2021\/07\/IMG_1251-1024x768.jpeg\" alt=\"\" class=\"wp-image-445\" srcset=\"https:\/\/marchingbandmarcq.com\/wp-content\/uploads\/2021\/07\/IMG_1251-1024x768.jpeg 1024w, https:\/\/marchingbandmarcq.com\/wp-content\/uploads\/2021\/07\/IMG_1251-300x225.jpeg 300w, https:\/\/marchingbandmarcq.com\/wp-content\/uploads\/2021\/07\/IMG_1251-768x576.jpeg 768w, https:\/\/marchingbandmarcq.com\/wp-content\/uploads\/2021\/07\/IMG_1251-1536x1152.jpeg 1536w, https:\/\/marchingbandmarcq.com\/wp-content\/uploads\/2021\/07\/IMG_1251-2048x1536.jpeg 2048w, https:\/\/marchingbandmarcq.com\/wp-content\/uploads\/2021\/07\/IMG_1251-2000x1500.jpeg 2000w\" sizes=\"auto, (max-width: 1024px) 100vw, 1024px\" \/><\/figure>\n\n\n\n<figure class=\"wp-block-video\"><video controls src=\"https:\/\/marchingbandmarcq.com\/wp-content\/uploads\/2021\/07\/10000000_558160488898118_219969136169404037_n.mp4\"><\/video><\/figure>\n\n\n\n<figure class=\"wp-block-video\"><video controls src=\"https:\/\/marchingbandmarcq.com\/wp-content\/uploads\/2021\/07\/10000000_1916697688480665_2704024488830580339_n.mp4\"><\/video><\/figure>\n\n\n\n<figure class=\"wp-block-video\"><video controls src=\"https:\/\/marchingbandmarcq.com\/wp-content\/uploads\/2021\/07\/10000000_4884020224947019_3223958587238005682_n.mp4\"><\/video><\/figure>\n\n\n\n<div style=\"height:100px\" aria-hidden=\"true\" class=\"wp-block-spacer\"><\/div>\n<\/div>\n<\/div>\n\n\n\n<h5 class=\"wp-block-heading\">CAYEUX-SUR-MER &#8211; 09\/07\/2021<\/h5>\n\n\n\n<div class=\"wp-block-columns is-layout-flex wp-container-core-columns-is-layout-9d6595d7 wp-block-columns-is-layout-flex\">\n<div class=\"wp-block-column is-layout-flow wp-block-column-is-layout-flow\">\n<figure class=\"wp-block-image size-large\"><img loading=\"lazy\" decoding=\"async\" width=\"1024\" height=\"768\" src=\"https:\/\/marchingbandmarcq.com\/wp-content\/uploads\/2021\/07\/IMG_2223-1024x768.jpeg\" alt=\"\" class=\"wp-image-453\" srcset=\"https:\/\/marchingbandmarcq.com\/wp-content\/uploads\/2021\/07\/IMG_2223-1024x768.jpeg 1024w, https:\/\/marchingbandmarcq.com\/wp-content\/uploads\/2021\/07\/IMG_2223-300x225.jpeg 300w, https:\/\/marchingbandmarcq.com\/wp-content\/uploads\/2021\/07\/IMG_2223-768x576.jpeg 768w, https:\/\/marchingbandmarcq.com\/wp-content\/uploads\/2021\/07\/IMG_2223-1536x1152.jpeg 1536w, https:\/\/marchingbandmarcq.com\/wp-content\/uploads\/2021\/07\/IMG_2223-2048x1536.jpeg 2048w, https:\/\/marchingbandmarcq.com\/wp-content\/uploads\/2021\/07\/IMG_2223-2000x1500.jpeg 2000w\" sizes=\"auto, (max-width: 1024px) 100vw, 1024px\" \/><\/figure>\n\n\n\n<figure class=\"wp-block-image size-large\"><img loading=\"lazy\" decoding=\"async\" width=\"1024\" height=\"768\" src=\"https:\/\/marchingbandmarcq.com\/wp-content\/uploads\/2021\/07\/IMG_2224-1024x768.jpeg\" alt=\"\" class=\"wp-image-454\" srcset=\"https:\/\/marchingbandmarcq.com\/wp-content\/uploads\/2021\/07\/IMG_2224-1024x768.jpeg 1024w, https:\/\/marchingbandmarcq.com\/wp-content\/uploads\/2021\/07\/IMG_2224-300x225.jpeg 300w, https:\/\/marchingbandmarcq.com\/wp-content\/uploads\/2021\/07\/IMG_2224-768x576.jpeg 768w, https:\/\/marchingbandmarcq.com\/wp-content\/uploads\/2021\/07\/IMG_2224-1536x1152.jpeg 1536w, https:\/\/marchingbandmarcq.com\/wp-content\/uploads\/2021\/07\/IMG_2224-2048x1536.jpeg 2048w, https:\/\/marchingbandmarcq.com\/wp-content\/uploads\/2021\/07\/IMG_2224-2000x1500.jpeg 2000w\" sizes=\"auto, (max-width: 1024px) 100vw, 1024px\" \/><\/figure>\n\n\n\n<figure class=\"wp-block-video\"><video controls src=\"https:\/\/marchingbandmarcq.com\/wp-content\/uploads\/2021\/07\/10000000_1480370772309686_602102649029381257_n.mp4\"><\/video><\/figure>\n<\/div>\n<\/div>\n\n\n\n<div style=\"height:100px\" aria-hidden=\"true\" class=\"wp-block-spacer\"><\/div>\n\n\n\n<h5 class=\"wp-block-heading\">MONTREUIL-SUR-MER &#8211; 10\/07\/2021<\/h5>\n\n\n\n<div class=\"wp-block-columns is-layout-flex wp-container-core-columns-is-layout-9d6595d7 wp-block-columns-is-layout-flex\">\n<div class=\"wp-block-column is-layout-flow wp-block-column-is-layout-flow\">\n<figure class=\"wp-block-video aligncenter\"><video controls src=\"https:\/\/marchingbandmarcq.com\/wp-content\/uploads\/2021\/07\/25134d1f-ee05-4a2e-8b7f-00514c980107.mp4\"><\/video><\/figure>\n\n\n\n<figure class=\"wp-block-image size-large\"><img loading=\"lazy\" decoding=\"async\" width=\"1024\" height=\"768\" src=\"https:\/\/marchingbandmarcq.com\/wp-content\/uploads\/2021\/07\/IMG_2305-1024x768.jpeg\" alt=\"\" class=\"wp-image-458\" srcset=\"https:\/\/marchingbandmarcq.com\/wp-content\/uploads\/2021\/07\/IMG_2305-1024x768.jpeg 1024w, https:\/\/marchingbandmarcq.com\/wp-content\/uploads\/2021\/07\/IMG_2305-300x225.jpeg 300w, https:\/\/marchingbandmarcq.com\/wp-content\/uploads\/2021\/07\/IMG_2305-768x576.jpeg 768w, https:\/\/marchingbandmarcq.com\/wp-content\/uploads\/2021\/07\/IMG_2305-1536x1152.jpeg 1536w, https:\/\/marchingbandmarcq.com\/wp-content\/uploads\/2021\/07\/IMG_2305-2048x1536.jpeg 2048w, https:\/\/marchingbandmarcq.com\/wp-content\/uploads\/2021\/07\/IMG_2305-2000x1500.jpeg 2000w\" sizes=\"auto, (max-width: 1024px) 100vw, 1024px\" \/><\/figure>\n\n\n\n<figure class=\"wp-block-image size-large\"><img loading=\"lazy\" decoding=\"async\" width=\"1024\" height=\"768\" src=\"https:\/\/marchingbandmarcq.com\/wp-content\/uploads\/2021\/07\/IMG_2306-1024x768.jpeg\" alt=\"\" class=\"wp-image-459\" srcset=\"https:\/\/marchingbandmarcq.com\/wp-content\/uploads\/2021\/07\/IMG_2306-1024x768.jpeg 1024w, https:\/\/marchingbandmarcq.com\/wp-content\/uploads\/2021\/07\/IMG_2306-300x225.jpeg 300w, https:\/\/marchingbandmarcq.com\/wp-content\/uploads\/2021\/07\/IMG_2306-768x576.jpeg 768w, https:\/\/marchingbandmarcq.com\/wp-content\/uploads\/2021\/07\/IMG_2306-1536x1152.jpeg 1536w, https:\/\/marchingbandmarcq.com\/wp-content\/uploads\/2021\/07\/IMG_2306-2048x1536.jpeg 2048w, https:\/\/marchingbandmarcq.com\/wp-content\/uploads\/2021\/07\/IMG_2306-2000x1500.jpeg 2000w\" sizes=\"auto, (max-width: 1024px) 100vw, 1024px\" \/><\/figure>\n\n\n\n<figure class=\"wp-block-image size-large\"><img loading=\"lazy\" decoding=\"async\" width=\"1024\" height=\"761\" src=\"https:\/\/marchingbandmarcq.com\/wp-content\/uploads\/2021\/07\/IMG_2307-1024x761.jpeg\" alt=\"\" class=\"wp-image-460\" srcset=\"https:\/\/marchingbandmarcq.com\/wp-content\/uploads\/2021\/07\/IMG_2307-1024x761.jpeg 1024w, https:\/\/marchingbandmarcq.com\/wp-content\/uploads\/2021\/07\/IMG_2307-300x223.jpeg 300w, https:\/\/marchingbandmarcq.com\/wp-content\/uploads\/2021\/07\/IMG_2307-768x571.jpeg 768w, https:\/\/marchingbandmarcq.com\/wp-content\/uploads\/2021\/07\/IMG_2307-1536x1142.jpeg 1536w, https:\/\/marchingbandmarcq.com\/wp-content\/uploads\/2021\/07\/IMG_2307-2048x1522.jpeg 2048w, https:\/\/marchingbandmarcq.com\/wp-content\/uploads\/2021\/07\/IMG_2307-2000x1487.jpeg 2000w\" sizes=\"auto, (max-width: 1024px) 100vw, 1024px\" \/><\/figure>\n\n\n\n<figure class=\"wp-block-image size-large\"><img loading=\"lazy\" decoding=\"async\" width=\"1024\" height=\"768\" src=\"https:\/\/marchingbandmarcq.com\/wp-content\/uploads\/2021\/07\/IMG_2309-1024x768.jpeg\" alt=\"\" class=\"wp-image-461\" srcset=\"https:\/\/marchingbandmarcq.com\/wp-content\/uploads\/2021\/07\/IMG_2309-1024x768.jpeg 1024w, https:\/\/marchingbandmarcq.com\/wp-content\/uploads\/2021\/07\/IMG_2309-300x225.jpeg 300w, https:\/\/marchingbandmarcq.com\/wp-content\/uploads\/2021\/07\/IMG_2309-768x576.jpeg 768w, https:\/\/marchingbandmarcq.com\/wp-content\/uploads\/2021\/07\/IMG_2309-1536x1152.jpeg 1536w, https:\/\/marchingbandmarcq.com\/wp-content\/uploads\/2021\/07\/IMG_2309-2048x1536.jpeg 2048w, https:\/\/marchingbandmarcq.com\/wp-content\/uploads\/2021\/07\/IMG_2309-2000x1500.jpeg 2000w\" sizes=\"auto, (max-width: 1024px) 100vw, 1024px\" \/><\/figure>\n<\/div>\n<\/div>\n\n\n\n<figure class=\"wp-block-video aligncenter\"><video controls src=\"https:\/\/marchingbandmarcq.com\/wp-content\/uploads\/2021\/07\/ca32f2bc-bfb2-426e-93cc-cbbc638af30e.mp4\"><\/video><\/figure>\n\n\n\n<div style=\"height:100px\" aria-hidden=\"true\" class=\"wp-block-spacer\"><\/div>\n\n\n\n<h5 class=\"wp-block-heading\">VId\u00e9o des concerts de cayeux-sur-mer et montreuil-sur-mer<\/h5>\n\n\n\n<figure class=\"wp-block-embed is-type-video is-provider-youtube wp-block-embed-youtube wp-embed-aspect-16-9 wp-has-aspect-ratio\"><div class=\"wp-block-embed__wrapper\">\n<iframe loading=\"lazy\" title=\"Marching Band de Marcq-en-Baroeul - Tourn\u00e9e \u00e9t\u00e9 juillet 2021\" width=\"740\" height=\"416\" src=\"https:\/\/www.youtube.com\/embed\/22XB_5hra4g?feature=oembed\" frameborder=\"0\" allow=\"accelerometer; autoplay; clipboard-write; encrypted-media; gyroscope; picture-in-picture\" allowfullscreen><\/iframe>\n<\/div><\/figure>\n","protected":false},"excerpt":{"rendered":"<p>Photos et vid\u00e9os de notre premi\u00e8re tourn\u00e9e sur la c\u00f4t\u00e9 d&rsquo;Opale. Merci aux villes de Montreuil-sur-mer, Mers-les-Bains et Cayeux-sur-mer de nous avoir accueillis ! MONTREUIL-SUR-MER &#8211; 06\/07\/2021 Mers-les bains &#8211; 07\/07\/2021 CAYEUX-SUR-MER &#8211; 09\/07\/2021 MONTREUIL-SUR-MER &#8211; 10\/07\/2021 VId\u00e9o des concerts de cayeux-sur-mer et montreuil-sur-mer<\/p>\n","protected":false},"author":1,"featured_media":0,"parent":0,"menu_order":0,"comment_status":"closed","ping_status":"closed","template":"","meta":{"footnotes":""},"class_list":["post-429","page","type-page","status-publish","hentry"],"_links":{"self":[{"href":"https:\/\/marchingbandmarcq.com\/index.php\/wp-json\/wp\/v2\/pages\/429","targetHints":{"allow":["GET"]}}],"collection":[{"href":"https:\/\/marchingbandmarcq.com\/index.php\/wp-json\/wp\/v2\/pages"}],"about":[{"href":"https:\/\/marchingbandmarcq.com\/index.php\/wp-json\/wp\/v2\/types\/page"}],"author":[{"embeddable":true,"href":"https:\/\/marchingbandmarcq.com\/index.php\/wp-json\/wp\/v2\/users\/1"}],"replies":[{"embeddable":true,"href":"https:\/\/marchingbandmarcq.com\/index.php\/wp-json\/wp\/v2\/comments?post=429"}],"version-history":[{"count":5,"href":"https:\/\/marchingbandmarcq.com\/index.php\/wp-json\/wp\/v2\/pages\/429\/revisions"}],"predecessor-version":[{"id":504,"href":"https:\/\/marchingbandmarcq.com\/index.php\/wp-json\/wp\/v2\/pages\/429\/revisions\/504"}],"wp:attachment":[{"href":"https:\/\/marchingbandmarcq.com\/index.php\/wp-json\/wp\/v2\/media?parent=429"}],"curies":[{"name":"wp","href":"https:\/\/api.w.org\/{rel}","templated":true}]}}