{"id":413,"date":"2021-01-19T19:10:39","date_gmt":"2021-01-19T18:10:39","guid":{"rendered":"https:\/\/marchingbandmarcq.com\/?page_id=413"},"modified":"2024-09-03T23:56:49","modified_gmt":"2024-09-03T21:56:49","slug":"repertoire","status":"publish","type":"page","link":"https:\/\/marchingbandmarcq.com\/index.php\/repertoire\/","title":{"rendered":"R\u00e9pertoire"},"content":{"rendered":"<div class=\"wp-block-image is-resized\">\n<figure class=\"aligncenter size-large\"><img loading=\"lazy\" decoding=\"async\" width=\"2560\" height=\"1600\" src=\"https:\/\/marchingbandmarcq.com\/wp-content\/uploads\/2024\/09\/Berville-2-2-edited-scaled.jpeg\" alt=\"\" class=\"wp-image-1553\" style=\"width:518px;height:auto\" srcset=\"https:\/\/marchingbandmarcq.com\/wp-content\/uploads\/2024\/09\/Berville-2-2-edited-scaled.jpeg 2560w, https:\/\/marchingbandmarcq.com\/wp-content\/uploads\/2024\/09\/Berville-2-2-edited-300x188.jpeg 300w, https:\/\/marchingbandmarcq.com\/wp-content\/uploads\/2024\/09\/Berville-2-2-edited-1024x640.jpeg 1024w, https:\/\/marchingbandmarcq.com\/wp-content\/uploads\/2024\/09\/Berville-2-2-edited-768x480.jpeg 768w, https:\/\/marchingbandmarcq.com\/wp-content\/uploads\/2024\/09\/Berville-2-2-edited-1536x960.jpeg 1536w, https:\/\/marchingbandmarcq.com\/wp-content\/uploads\/2024\/09\/Berville-2-2-edited-2048x1280.jpeg 2048w, https:\/\/marchingbandmarcq.com\/wp-content\/uploads\/2024\/09\/Berville-2-2-edited-2000x1250.jpeg 2000w\" sizes=\"auto, (max-width: 2560px) 100vw, 2560px\" \/><\/figure><\/div>\n\n\n<div style=\"height:30px\" aria-hidden=\"true\" class=\"wp-block-spacer\"><\/div>\n\n\n\n<p class=\"has-text-align-left\">Notre r\u00e9pertoire, diversifi\u00e9, comprend essentiellement des musiques actuelles fran\u00e7aises et internationales ainsi que des bandas. <\/p>\n\n\n\n<p class=\"has-text-align-left\">Voici une s\u00e9lection parmi la centaine de titres que nous avons interpr\u00e9t\u00e9.<\/p>\n\n\n\n<div style=\"height:32px\" aria-hidden=\"true\" class=\"wp-block-spacer desktop-only\"><\/div>\n\n\n\n<div class=\"wp-block-group\"><div class=\"wp-block-group__inner-container is-layout-flow wp-block-group-is-layout-flow\">\n<h1 class=\"wp-block-heading has-text-align-center has-text-color\" style=\"color:#ba0c49;font-size:26px\">Vari\u00e9t\u00e9 fran\u00e7aise<\/h1>\n\n\n\n<div class=\"wp-block-columns is-layout-flex wp-container-core-columns-is-layout-9d6595d7 wp-block-columns-is-layout-flex\">\n<div class=\"wp-block-column is-layout-flow wp-block-column-is-layout-flow\">\n<ul class=\"wp-block-list\">\n<li>Daft Punk medley<\/li>\n\n\n\n<li>Indochine, L\u2019aventurier<\/li>\n\n\n\n<li>Claude FRANCOIS, Alexandrie, Alexandra<\/li>\n\n\n\n<li>Claude FRANCOIS, Magnolia Forever<\/li>\n\n\n\n<li>Claude FRANCOIS, Si tu vas \u00e0 Rio<\/li>\n\n\n\n<li>Le grand orchestre du Splendid, La salsa du d\u00e9mon<\/li>\n\n\n\n<li>GIMS, Bella ciao<\/li>\n\n\n\n<li>Christophe, Aline<\/li>\n\n\n\n<li>Georges BRASSENS, Les copains d\u2019abord<\/li>\n\n\n\n<li>Johnny HALLYDAY, Noir c\u2019est noir<\/li>\n\n\n\n<li>Johnny HALLYDAY, Allumer le feu<\/li>\n\n\n\n<li>Joe DASSIN, Champs-Elys\u00e9es<\/li>\n\n\n\n<li>Joe DASSIN, Les yeux d\u2019Emilie<\/li>\n\n\n\n<li>Dalida, Le temps des fleurs<\/li>\n\n\n\n<li>Dalida, Laissez-moi danser<\/li>\n\n\n\n<li>Nino FERRER, Les cornichons<\/li>\n\n\n\n<li>Nino FERRER, Le t\u00e9l\u00e9fon<\/li>\n\n\n\n<li>Edith PIAF, Padam padam padam<\/li>\n<\/ul>\n\n\n\n<p><\/p>\n<\/div>\n\n\n\n<div class=\"wp-block-column is-layout-flow wp-block-column-is-layout-flow\">\n<ul class=\"wp-block-list\">\n<li>Jean-Jacques GOLDMAN, Quand la musique est bonne<\/li>\n\n\n\n<li>Jean-Pierre MADER, Macumba<\/li>\n\n\n\n<li>Claude FRANCOIS, Cette ann\u00e9e-l\u00e0<\/li>\n\n\n\n<li>Mika, Relax<\/li>\n\n\n\n<li>Myl\u00e8ne FARMER, Sans contrefa\u00e7on<\/li>\n\n\n\n<li>Myl\u00e8ne FARMER, D\u00e9senchant\u00e9e<\/li>\n\n\n\n<li>Thierry HAZARD, Le jerk<\/li>\n\n\n\n<li>La Pitxuri<\/li>\n\n\n\n<li>La Petite Culotte, La goffa lolita<\/li>\n\n\n\n<li>Les Rita Mitsouko, Marcia Bailla<\/li>\n\n\n\n<li>Michel SARDOU, Les lacs du Connemara<\/li>\n\n\n\n<li>Patrick SEBASTIEN, Les sardines<\/li>\n\n\n\n<li>Patrick SEBASTIEN, Tourner les serviettes<\/li>\n\n\n\n<li>Patrick SEBASTIEN, Le petit bonhomme en mousse <\/li>\n\n\n\n<li>Lucienne DELYLE, Mon amant de Saint Jean<\/li>\n\n\n\n<li>Stromae, Tous les M\u00eames<\/li>\n<\/ul>\n<\/div>\n<\/div>\n\n\n\n<div style=\"height:30px\" aria-hidden=\"true\" class=\"wp-block-spacer\"><\/div>\n\n\n\n<h1 class=\"wp-block-heading has-text-align-center has-text-color\" style=\"color:#ba0c49;font-size:26px\">Vari\u00e9t\u00e9 internationale<\/h1>\n\n\n\n<div class=\"wp-block-columns is-layout-flex wp-container-core-columns-is-layout-9d6595d7 wp-block-columns-is-layout-flex\">\n<div class=\"wp-block-column is-layout-flow wp-block-column-is-layout-flow\">\n<ul class=\"wp-block-list\">\n<li>Coldplay, a sky full of stars<\/li>\n\n\n\n<li>Avicii, Hey brother<\/li>\n\n\n\n<li>Avicii, Wake me Up<\/li>\n\n\n\n<li>Katy PERRY, Roar<\/li>\n\n\n\n<li>Pitbull, Timber<\/li>\n\n\n\n<li>Avicii, Wake me up<\/li>\n\n\n\n<li>Beyonc\u00e9, Crazy in love<\/li>\n\n\n\n<li>Rihanna, Don&rsquo;t stop the music<\/li>\n\n\n\n<li>Britney SPEARS, Toxic<\/li>\n\n\n\n<li>PSY, Gangnam style<\/li>\n\n\n\n<li>Guns N&rsquo; Roses, Welcome to the jungle<\/li>\n\n\n\n<li>Frankie VALLI, Can&rsquo;t take my eyes off you<\/li>\n\n\n\n<li>Georges MICHAEL, Freedom<\/li>\n\n\n\n<li>Jessie J, Bang Bang<\/li>\n\n\n\n<li>Rick ASTLEY, Never gonna give you up<\/li>\n\n\n\n<li>Bee Gees, Stayin alive<\/li>\n\n\n\n<li>Carly Rae Jepsen, Call me maybe<\/li>\n\n\n\n<li>The Weekend, Blinding lights<\/li>\n\n\n\n<li>Electric Light Orchestra, Mr. Blue Sky<\/li>\n\n\n\n<li>Europe, Final Countdown<\/li>\n\n\n\n<li>Sia, Cheap trills&nbsp;<\/li>\n\n\n\n<li>Lady Gaga, Shallow<\/li>\n\n\n\n<li>A-ha, Take on me<\/li>\n\n\n\n<li>Elton JOHN, I&rsquo;m still standing<\/li>\n\n\n\n<li>Camilia CABELLO, Havana<\/li>\n\n\n\n<li>Katy PERRY, Firework<\/li>\n\n\n\n<li>Portugal, Feel it still<\/li>\n\n\n\n<li>Justin TIMBERLAKE, Can\u2019t stop the feeling&nbsp;<\/li>\n\n\n\n<li>Smash MOUTH, All star<\/li>\n\n\n\n<li>Lou BEGA, Mambo n\u00b05<\/li>\n<\/ul>\n<\/div>\n\n\n\n<div class=\"wp-block-column is-layout-flow wp-block-column-is-layout-flow\">\n<ul class=\"wp-block-list\">\n<li>Bruno MARS, Treasure<\/li>\n\n\n\n<li>Bruno MARS, Uptown funk<\/li>\n\n\n\n<li>Bruno MARS, 24K Magic<\/li>\n\n\n\n<li>Mika, Relax<\/li>\n\n\n\n<li>The Spice Girl, Wannabe<\/li>\n\n\n\n<li>Queen, Don\u2019t stop me now<\/li>\n\n\n\n<li>Queen, We are the champions<\/li>\n\n\n\n<li>Journey, Don\u2019t stop believin&rsquo;<\/li>\n\n\n\n<li>LMFAO, Party rock anthem<\/li>\n\n\n\n<li>Paquito chocolatero<\/li>\n\n\n\n<li>The White Stripes, Seven Nation Army<\/li>\n\n\n\n<li>Michael JACKSON, Thriller<\/li>\n\n\n\n<li>The Jackson five, I want you back<\/li>\n\n\n\n<li>Los Machucambos, Pepito<\/li>\n\n\n\n<li>Walk the moon, Shut ut and dance<\/li>\n\n\n\n<li>Village People, YMCA<\/li>\n\n\n\n<li>Earth, wind and fire, September<\/li>\n\n\n\n<li>Earth, wind and fire, Boogie Wonderland<\/li>\n\n\n\n<li>Gloria GAYNOR, I will survive<\/li>\n\n\n\n<li>Tina TURNER, Proud Mary<\/li>\n\n\n\n<li>The Beach Boys, Fun, fun, fun<\/li>\n\n\n\n<li>The Mariachis, Tequila<\/li>\n\n\n\n<li>Joan JETT, I love rock\u2019n\u2019roll<\/li>\n\n\n\n<li>Aretha FRANKLIN, Respect<\/li>\n\n\n\n<li>Barry MANILOW, Copacabana<\/li>\n\n\n\n<li>Marvin GAYE, Ain\u2019t no mountain high enough<\/li>\n\n\n\n<li>James BROWN, I got you I feel good&nbsp;<\/li>\n\n\n\n<li>Ray CHARLES, Hit the road jack&nbsp;<\/li>\n\n\n\n<li>Santana, Oye como va<\/li>\n\n\n\n<li>Stevie WONDER, Sir Duke<\/li>\n<\/ul>\n<\/div>\n<\/div>\n\n\n\n<div style=\"height:30px\" aria-hidden=\"true\" class=\"wp-block-spacer\"><\/div>\n\n\n\n<h1 class=\"wp-block-heading has-text-align-center has-text-color\" style=\"color:#ba0c49;font-size:26px\">Films, s\u00e9ries et dessins anim\u00e9s<\/h1>\n\n\n\n<div class=\"wp-block-columns is-layout-flex wp-container-core-columns-is-layout-9d6595d7 wp-block-columns-is-layout-flex\">\n<div class=\"wp-block-column is-layout-flow wp-block-column-is-layout-flow\">\n<ul class=\"wp-block-list\">\n<li>Encanto, We don&rsquo;t talk about Bruno<\/li>\n\n\n\n<li>Les indestructibles<\/li>\n\n\n\n<li>Le livre de la jungle, Il en faut peu pour \u00eatre heureux<\/li>\n\n\n\n<li>Le livre de la jungle, Etre un homme comme vous<\/li>\n\n\n\n<li>Hawaii 5-0<\/li>\n<\/ul>\n<\/div>\n\n\n\n<div class=\"wp-block-column is-layout-flow wp-block-column-is-layout-flow\">\n<ul class=\"wp-block-list\">\n<li>Medley Pixar<\/li>\n\n\n\n<li><span style=\"color: initial; font-family: -apple-system, BlinkMacSystemFont, &quot;Segoe UI&quot;, Roboto, Oxygen-Sans, Ubuntu, Cantarell, &quot;Helvetica Neue&quot;, sans-serif;\">Star Wars<\/span><\/li>\n\n\n\n<li>SOS fant\u00f4mes<\/li>\n\n\n\n<li>Game of thrones<\/li>\n\n\n\n<li>Aladdin, Prince Ali<\/li>\n\n\n\n<li>Aladdin, Je suis ton meilleur ami<\/li>\n\n\n\n<li>La reine des neiges (medley)<\/li>\n<\/ul>\n<\/div>\n<\/div>\n\n\n\n<div style=\"height:30px\" aria-hidden=\"true\" class=\"wp-block-spacer\"><\/div>\n\n\n\n<h1 class=\"wp-block-heading has-text-align-center has-text-color\" style=\"color:#ba0c49;font-size:26px\">No\u00ebl<\/h1>\n\n\n\n<div class=\"wp-block-columns is-layout-flex wp-container-core-columns-is-layout-9d6595d7 wp-block-columns-is-layout-flex\">\n<div class=\"wp-block-column is-layout-flow wp-block-column-is-layout-flow\">\n<ul class=\"wp-block-list\">\n<li>Frost the snow man<\/li>\n\n\n\n<li>Rudolph the renosed reindeer<\/li>\n\n\n\n<li>Let it snow !<\/li>\n\n\n\n<li>Up on the housetop<\/li>\n\n\n\n<li>Frozen<\/li>\n\n\n\n<li>All I want Christmas is you<\/li>\n\n\n\n<li>We need a little Christmas<\/li>\n<\/ul>\n<\/div>\n\n\n\n<div class=\"wp-block-column is-layout-flow wp-block-column-is-layout-flow\">\n<ul class=\"wp-block-list\">\n<li>Feliz Navidad<\/li>\n\n\n\n<li>Christmas parade sequence<\/li>\n\n\n\n<li>Sleigh ride<\/li>\n\n\n\n<li>Last christmas<\/li>\n\n\n\n<li>Santa claus is coming to town<\/li>\n\n\n\n<li>Mele Kalikimaka<\/li>\n\n\n\n<li>Santa baby<\/li>\n<\/ul>\n<\/div>\n<\/div>\n<\/div><\/div>\n","protected":false},"excerpt":{"rendered":"<p>Notre r\u00e9pertoire, diversifi\u00e9, comprend essentiellement des musiques actuelles fran\u00e7aises et internationales ainsi que des bandas. Voici une s\u00e9lection parmi la centaine de titres que nous avons interpr\u00e9t\u00e9. Vari\u00e9t\u00e9 fran\u00e7aise Vari\u00e9t\u00e9 internationale Films, s\u00e9ries et dessins anim\u00e9s No\u00ebl<\/p>\n","protected":false},"author":1,"featured_media":0,"parent":0,"menu_order":0,"comment_status":"closed","ping_status":"closed","template":"","meta":{"footnotes":""},"class_list":["post-413","page","type-page","status-publish","hentry"],"_links":{"self":[{"href":"https:\/\/marchingbandmarcq.com\/index.php\/wp-json\/wp\/v2\/pages\/413","targetHints":{"allow":["GET"]}}],"collection":[{"href":"https:\/\/marchingbandmarcq.com\/index.php\/wp-json\/wp\/v2\/pages"}],"about":[{"href":"https:\/\/marchingbandmarcq.com\/index.php\/wp-json\/wp\/v2\/types\/page"}],"author":[{"embeddable":true,"href":"https:\/\/marchingbandmarcq.com\/index.php\/wp-json\/wp\/v2\/users\/1"}],"replies":[{"embeddable":true,"href":"https:\/\/marchingbandmarcq.com\/index.php\/wp-json\/wp\/v2\/comments?post=413"}],"version-history":[{"count":22,"href":"https:\/\/marchingbandmarcq.com\/index.php\/wp-json\/wp\/v2\/pages\/413\/revisions"}],"predecessor-version":[{"id":1554,"href":"https:\/\/marchingbandmarcq.com\/index.php\/wp-json\/wp\/v2\/pages\/413\/revisions\/1554"}],"wp:attachment":[{"href":"https:\/\/marchingbandmarcq.com\/index.php\/wp-json\/wp\/v2\/media?parent=413"}],"curies":[{"name":"wp","href":"https:\/\/api.w.org\/{rel}","templated":true}]}}